{"id":1645,"date":"2020-10-08T21:22:42","date_gmt":"2020-10-08T19:22:42","guid":{"rendered":"https:\/\/next.sanpool.ch\/?page_id=1645"},"modified":"2020-11-18T00:15:16","modified_gmt":"2020-11-17T23:15:16","slug":"gdpr","status":"publish","type":"page","link":"https:\/\/www.sanpool.ch\/fr\/gdpr\/","title":{"rendered":"Politique de confidentialit\u00e9"},"content":{"rendered":"\n<p>Veuillez lire attentivement notre politique de confidentialit\u00e9 avant de continuer. Les personnes qui se connectent au site <a href=\"https:\/\/sanpool.ch\">sanpool.ch<\/a> de l\u2019association SanPool &#8211; \u00c9cole de la sant\u00e9 acceptent les conditions ci-dessous.<\/p>\n\n<h2 class=\"h3 wp-block-heading\">Champ d\u2019application<\/h2>\n\n<p>Cette d\u00e9claration de confidentialit\u00e9 est destin\u00e9e aux utilisateurs de ce site web conform\u00e9ment \u00e0 la loi f\u00e9d\u00e9rale sur la protection des donn\u00e9es (DSG) et \u00e0 la l\u00e9gislation \u00e9trang\u00e8re applicable en mati\u00e8re de protection des donn\u00e9es, telle que le r\u00e8glement g\u00e9n\u00e9ral de l\u2019Union europ\u00e9enne sur la protection des donn\u00e9es (RGPD) sur la nature, l\u2019\u00e9tendue et la finalit\u00e9 de la collecte et de l\u2019utilisation des donn\u00e9es \u00e0 caract\u00e8re personnel par l\u2019exploitant du site<\/p>\n\n<p>SanPool &#8211; \u00c9cole de la sant\u00e9<br\/>Hochbergerstrasse 70<br\/>4057 Basel<br\/>Suisse<br\/><a href=\"mailto:info@sanpool.ch\">info@sanpool.ch<\/a><\/p>\n\n<p>d\u2019informer.<\/p>\n\n<p>L\u2019UE reconna\u00eet que la l\u00e9gislation suisse en mati\u00e8re de protection des donn\u00e9es garantit une protection ad\u00e9quate des donn\u00e9es. En tant qu\u2019exploitant de site Web, nous prenons la confidentialit\u00e9 tr\u00e8s au s\u00e9rieux et traitons vos donn\u00e9es personnelles de mani\u00e8re confidentielle et conform\u00e9ment \u00e0 la l\u00e9gislation. Nous pouvons modifier notre politique de confidentialit\u00e9 \u00e0 tout moment en publiant sur ce site Web.<\/p>\n\n<p>Les donn\u00e9es \u00e0 caract\u00e8re personnel sont toutes les informations qui servent \u00e0 d\u00e9terminer votre personne et qui peuvent \u00eatre retrac\u00e9es vers vous, par exemple votre nom, votre adresse e-mail et votre num\u00e9ro de t\u00e9l\u00e9phone. L\u2019exploitant du site Web collecte, utilise et ne transmet vos donn\u00e9es \u00e0 caract\u00e8re personnel que si cela est autoris\u00e9 dans le cadre l\u00e9gal ou si vous acceptez de collecter des donn\u00e9es.<\/p>\n\n<h2 class=\"h3 wp-block-heading\">S\u00e9curit\u00e9<\/h2>\n\n<p>L\u2019acc\u00e8s \u00e0 notre site web se fait par cryptage de transport (SSL). Un certificat SSL est un code sur le serveur web qui s\u00e9curise les communications en ligne. Si un navigateur Web \u00e9tablit une connexion \u00e0 un site web s\u00e9curis\u00e9, le certificat SSL permet une connexion s\u00e9curis\u00e9e.<\/p>\n\n<p>Gardez \u00e0 l\u2019esprit que la transmission de donn\u00e9es sur Internet peut en principe faire face \u00e0 des failles de s\u00e9curit\u00e9. Une protection compl\u00e8te contre l\u2019acc\u00e8s par des \u00e9trangers n\u2019est pas r\u00e9alisable.<\/p>\n\n<p>Quelles donn\u00e9es avez-vous collect\u00e9es lors de l\u2019acc\u00e8s au site web ? L\u2019exploitant du site web ou le fournisseur de sites collecte des donn\u00e9es sur les acc\u00e8s \u00e0 sanpool.ch et les stocke sous forme de \u00ab fichiers journaux de serveur \u00bb. Les donn\u00e9es d\u2019acc\u00e8s suivantes sont enregistr\u00e9es comme suit:<\/p>\n\n<ul class=\"wp-block-list\"><li>Site web visit\u00e9<\/li><li>Heure au moment de l\u2019acc\u00e8s<\/li><li>Quantit\u00e9 de donn\u00e9es envoy\u00e9es en octets<\/li><li>Source\/r\u00e9f\u00e9rence \u00e0 partir de laquelle vous \u00eates entr\u00e9 sur le site<\/li><li>Navigateur utilis\u00e9<\/li><li>Syst\u00e8me d\u2019exploitation utilis\u00e9<\/li><li>Adresse IP utilis\u00e9e<\/li><\/ul>\n<h2 class=\"h3 wp-block-heading\">Objet de la collecte de donn\u00e9es d\u2019acc\u00e8s<\/h2>\n\n<p>La collecte et le traitement de ces donn\u00e9es sont effectu\u00e9s afin de permettre l\u2019utilisation du site (interconnexion), de garantir la s\u00e9curit\u00e9 et la stabilit\u00e9 du syst\u00e8me, afin d\u2019optimiser l\u2019offre d\u2019internet et d\u2019utiliser des fins statistiques internes. L\u2019adresse IP est utilis\u00e9e en particulier pour enregistrer votre pays de r\u00e9sidence et effectuer des pr\u00e9r\u00e9glages (par exemple.B langue).<\/p>\n\n<p>L\u2019adresse IP est \u00e9galement collect\u00e9e afin de r\u00e9pondre de mani\u00e8re ad\u00e9quate aux attaques contre notre infrastructure de r\u00e9seau. Dans ce cas, l\u2019exploitant du site web se r\u00e9serve le droit de v\u00e9rifier a posteriori les fichiers journaux du serveur si des indices concrets indiquent une utilisation ill\u00e9gale.<\/p>\n\n<h2 class=\"wp-block-heading\">Formulaire de contact \/ Feedback<\/h2>\n\n<p>Vous avez la possibilit\u00e9 de nous contacter sur notre site Web via un formulaire de contact, un e-mail, un t\u00e9l\u00e9phone, un fax ou des plateformes de m\u00e9dias sociaux, et de nous demander des informations sur nos services ou notre produit, ou de nous donner un retour d\u2019information. La saisie de certaines donn\u00e9es est obligatoire, pour d\u2019autres donn\u00e9es, c\u2019est facultatif. Les donn\u00e9es suivantes sont obligatoires:<\/p>\n\n<ul class=\"wp-block-list\"><li>Message ou retour d\u2019information (louange\/suggestion\/critique)<\/li><li>Pr\u00e9nom et nom de famille<\/li><li>T\u00e9l\u00e9phone et e-mail<\/li><\/ul>\n<p>Nous identifierons les donn\u00e9es obligatoires en tant que telles. Si ces informations ne sont pas fournies, cela peut entraver la prestation de nos services. L\u2019indication d\u2019autres informations est volontaire et n\u2019a aucune influence sur l\u2019utilisation de notre site Web. Nous n\u2019utilisons ces donn\u00e9es que pour r\u00e9pondre au mieux et de mani\u00e8re personnalis\u00e9e \u00e0 votre demande de contact. Vous pouvez toujours vous opposer \u00e0 ce traitement de donn\u00e9es.<\/p>\n\n<p>Dans le cas o\u00f9 vous nous contactez via une plateforme de m\u00e9dias sociaux, nous vous informons que celle-ci n\u2019est pas la propri\u00e9t\u00e9 ou la sph\u00e8re dominicale de notre part, la protection et la confidentialit\u00e9 des donn\u00e9es qui nous sont fournies via la plateforme de m\u00e9dias sociaux ne peut donc pas \u00eatre garantie. Pour toute question concernant la protection des donn\u00e9es, veuillez contacter les op\u00e9rateurs et les propri\u00e9taires de la plate-forme de m\u00e9dias sociaux concern\u00e9. Les donn\u00e9es que vous avez communiqu\u00e9es ne sont pas transmises \u00e0 des tiers.<\/p>\n\n<h2 class=\"wp-block-heading\">Utilisation des prestations<\/h2>\n\n<p>Si vous sollicitez des services de notre part, par exemple.B acheter un bien dans la boutique en ligne ou pour obtenir un service (demande de cours, duplicata, etc.), nous traitons des donn\u00e9es personnelles li\u00e9es \u00e0 votre comportement d\u2019achat et de paiement. Il s\u2019agit notamment des donn\u00e9es personnelles suivantes, particuli\u00e8rement \u00e0 prot\u00e9ger le cas \u00e9ch\u00e9ant:<\/p>\n\n<ul class=\"wp-block-list\"><li>Pr\u00e9nom et nom de famille<\/li><li>Date de naissance<\/li><li>T\u00e9l\u00e9phone et e-mail<\/li><li>Adresse<\/li><li>Informations sur les moyens de paiement<\/li><li>des informations sur les prestations que vous effectuent, quand et en utilisant quels moyens de paiement;<\/li><li>Informations sur votre comportement dans la boutique en ligne (panier command\u00e9 et annul\u00e9, articles respect\u00e9s, etc.).<\/li><\/ul>\n<h2 class=\"wp-block-heading\">Outil d\u2019analyse<\/h2>\n\n<p>Ce site utilise le service \u00abGoogle Analytics\u00bb, qui est de Google Inc. (1600 Amphitheatre Parkway Mountain View, CA 94043, \u00c9TATS-UNIS) est disponible pour l\u2019analyse de l\u2019utilisation du site par les utilisateurs. Le service utilise des cookies &#8211; des fichiers texte qui sont stock\u00e9s sur votre terminal. Les informations recueillies par les cookies sont g\u00e9n\u00e9ralement envoy\u00e9es et stock\u00e9es sur un serveur Google aux \u00c9tats-Unis.<\/p>\n\n<p>Sur ce site, l\u2019anonymisation IP s\u2019applique. L\u2019adresse IP des utilisateurs est r\u00e9duite dans les \u00c9tats membres de l\u2019UE et de l\u2019Espace \u00e9conomique europ\u00e9en. Cette r\u00e9duction supprime le montant de votre adresse IP. Dans le cadre de l\u2019accord sur l\u2019accord de donn\u00e9es de commande que nous avons avec Google Inc. en utilisant les informations recueillies, ceux-ci \u00e9laborent une analyse de l\u2019utilisation du site web et de l\u2019activit\u00e9 du site et fournit des services li\u00e9s \u00e0 l\u2019utilisation d\u2019Internet.<\/p>\n\n<p>Vous avez la possibilit\u00e9 d\u2019emp\u00eacher le stockage du cookie sur votre appareil en proc\u00e9dant aux r\u00e9glages appropri\u00e9s dans votre navigateur. Il n\u2019est pas garanti que vous pouvez acc\u00e9der \u00e0 toutes les fonctionnalit\u00e9s de ce site web sans aucune restriction si votre navigateur n\u2019autorise pas les cookies.<\/p>\n\n<p>En outre, un plugin de navigateur vous permet d\u2019emp\u00eacher les informations collect\u00e9es par les cookies (y compris votre adresse IP) \u00e0 Google Inc. et envoy\u00e9s par Google Inc. d\u2019un point de l\u2019autre, Le lien suivant vous m\u00e8ne au plugin correspondant : https:\/\/tools.google.com\/dlpage\/gaoptout?hl=de<\/p>\n\n<p>Sinon, en cliquant sur ce lien, vous pouvez emp\u00eacher Google Analytics de capturer des donn\u00e9es \u00e0 votre sujet \u00e0 l\u2019int\u00e9rieur de ce site. En cliquant sur le lien ci-dessus, vous t\u00e9l\u00e9chargez un cookie opt-out. Votre navigateur doit donc en principe autoriser l\u2019enregistrement des cookies. Si vous supprimez r\u00e9guli\u00e8rement vos cookies, il est n\u00e9cessaire de cliquer \u00e0 nouveau sur le lien \u00e0 chaque visite de ce site.<br\/>Vous trouverez ici plus d\u2019informations sur l\u2019utilisation des donn\u00e9es par Google Inc.: https:\/\/support.google.com\/analytics\/answer\/6004245?hl=de<\/p>\n\n<h2 class=\"wp-block-heading\">Vimeo<\/h2>\n\n<p>Le site utilise \u00e9galement le fournisseur Vimeo pour int\u00e9grer des vid\u00e9os. Vimeo est exploit\u00e9 par Vimeo, LLC, dont le si\u00e8ge est situ\u00e9 au 555 West 18th Street, New York, New York 10011. Lorsque vous acc\u00e9dez \u00e0 des sites Internet \u00e9quip\u00e9s d\u2019un tel plugin, une connexion aux serveurs Vimeo sera \u00e9tablie et le plugin sera affich\u00e9. Ceci est transmis au serveur Vimeo que vous avez visit\u00e9 depuis les pages compresso.ch. Si vous \u00eates connect\u00e9 en tant que membre de Vimeo, Vimeo attribue cette information \u00e0 son compte utilisateur personnel. Lorsque vous utilisez le plugin comme z.B. Cliquer sur le bouton D\u00e9marrer d\u2019une vid\u00e9o, cette information est \u00e9galement attribu\u00e9e \u00e0 votre compte utilisateur. Vous pouvez emp\u00eacher cette affectation en vous d\u00e9connectant de votre compte Vimeo avant d\u2019utiliser le site Web et en supprimant les cookies correspondants de Vimeo. Pour plus d\u2019informations sur le traitement des donn\u00e9es et des informations sur la protection des donn\u00e9es par Vimeo, voir https:\/\/vimeo.com\/privacy.<\/p>\n\n<h2 class=\"wp-block-heading\">Social Media<\/h2>\n\n<p>Le site web contient un lien vers nos pages Facebook et Instagram. Les r\u00e8gles de protection des donn\u00e9es des fournisseurs concern\u00e9s s\u2019y appliquent. Pour plus d\u2019informations, voir la d\u00e9claration de confidentialit\u00e9.<\/p>\n\n<h2 class=\"wp-block-heading\">Google Maps<\/h2>\n\n<p>Nous utilisons Google Maps pour l\u2019int\u00e9gration de cartes. Ce service de l\u2019am\u00e9ricain Google LLC utilise notamment des cookies et des donn\u00e9es sont transf\u00e9r\u00e9es \u00e0 Google aux \u00c9tats-Unis, en supposant que, dans ce cadre, aucun suivi personnel n\u2019a lieu uniquement en utilisant notre site Web. Google s\u2019est engag\u00e9 \u00e0 garantir une protection ad\u00e9quate des donn\u00e9es conform\u00e9ment au Privacy Shield am\u00e9ricano-europ\u00e9en et au Privacy Shield am\u00e9ricano-suisse. Pour plus d\u2019informations, consultez la d\u00e9claration de confidentialit\u00e9 de Google.<\/p>\n\n<h2 class=\"wp-block-heading\">PayPal<\/h2>\n\n<p>Certains services peuvent \u00eatre pay\u00e9s via PayPal. Ce service de l\u2019PayPal am\u00e9ricain LLC utilise notamment des cookies et des donn\u00e9es sont transf\u00e9r\u00e9es \u00e0 PayPal aux \u00c9tats-Unis.<\/p>\n\n<p>Alternativement, nous proposons \u00e9galement la facture comme option de paiement.<\/p>\n\n<h2 class=\"wp-block-heading\">Droits de l\u2019utilisateur: information, rectification et suppression<\/h2>\n\n<p>Apr\u00e8s la cessation de la relation d\u2019utilisation convenue et accept\u00e9e, vos donn\u00e9es personnelles seront effac\u00e9es.<br\/>En tant qu\u2019utilisateur, vous recevrez, sur votre demande, des informations gratuites sur les donn\u00e9es personnelles enregistr\u00e9es \u00e0 votre sujet. Si votre souhait n\u2019est pas en conflit avec une obligation l\u00e9gale de conservation des donn\u00e9es (par exemple.B comptabilit\u00e9), vous avez droit \u00e0 la rectification de donn\u00e9es erron\u00e9es et au blocage ou \u00e0 la suppression de vos donn\u00e9es personnelles. En cas d\u2019information, de suppression ou de modification des donn\u00e9es, adressez votre demande \u00e0 l\u2019adresse suivante:<\/p>\n\n<p>SanPool &#8211; \u00c9cole de la sant\u00e9<br\/>Didier Gonzalez<br\/>Hochbergerstrasse 70<br\/>4057 Basel<br\/>d.gonzalez@sanpool.ch<\/p>\n\n<h2 class=\"h3 wp-block-heading\">Cookies<\/h2>\n\n<p>Ce site web utilise des cookies. Il s\u2019agit de petits fichiers texte qui sont stock\u00e9s sur votre terminal. Votre navigateur acc\u00e8de \u00e0 ces fichiers. L\u2019utilisation de cookies am\u00e9liore la convivialit\u00e9 et la s\u00e9curit\u00e9 de ce site.<\/p>\n\n<p>Les navigateurs courants offrent l\u2019option de r\u00e9glage de ne pas autoriser les cookies. <strong>Remarque<\/strong>: Il n\u2019est pas garanti que vous pouvez acc\u00e9der \u00e0 toutes les fonctionnalit\u00e9s de ce site web sans aucune restriction si vous effectuez les r\u00e9glages appropri\u00e9s.<\/p>\n","protected":false},"excerpt":{"rendered":"<p>Veuillez lire attentivement notre politique de confidentialit\u00e9 avant de continuer. Les personnes qui se connectent au site sanpool.ch de l\u2019association SanPool &#8211; \u00c9cole de la sant\u00e9 acceptent les conditions ci-dessous. Champ d\u2019application Cette d\u00e9claration de confidentialit\u00e9 est destin\u00e9e aux utilisateurs de ce site web conform\u00e9ment \u00e0 la loi f\u00e9d\u00e9rale sur la protection des donn\u00e9es (DSG) [&hellip;]<\/p>\n","protected":false},"author":2,"featured_media":0,"parent":0,"menu_order":0,"comment_status":"closed","ping_status":"closed","template":"","meta":{"_acf_changed":false,"footnotes":""},"class_list":["post-1645","page","type-page","status-publish","hentry"],"acf":[],"yoast_head":"<!-- This site is optimized with the Yoast SEO plugin v27.5 - https:\/\/yoast.com\/product\/yoast-seo-wordpress\/ -->\n<title>Politique de confidentialit\u00e9 - SanPool<\/title>\n<meta name=\"robots\" content=\"index, follow, max-snippet:-1, max-image-preview:large, max-video-preview:-1\" \/>\n<link rel=\"canonical\" href=\"https:\/\/www.sanpool.ch\/fr\/gdpr\/\" \/>\n<meta property=\"og:locale\" content=\"fr_FR\" \/>\n<meta property=\"og:type\" content=\"article\" \/>\n<meta property=\"og:title\" content=\"Politique de confidentialit\u00e9 - SanPool\" \/>\n<meta property=\"og:description\" content=\"Veuillez lire attentivement notre politique de confidentialit\u00e9 avant de continuer. Les personnes qui se connectent au site sanpool.ch de l\u2019association SanPool &#8211; \u00c9cole de la sant\u00e9 acceptent les conditions ci-dessous. Champ d\u2019application Cette d\u00e9claration de confidentialit\u00e9 est destin\u00e9e aux utilisateurs de ce site web conform\u00e9ment \u00e0 la loi f\u00e9d\u00e9rale sur la protection des donn\u00e9es (DSG) [&hellip;]\" \/>\n<meta property=\"og:url\" content=\"https:\/\/www.sanpool.ch\/fr\/gdpr\/\" \/>\n<meta property=\"og:site_name\" content=\"SanPool\" \/>\n<meta property=\"article:modified_time\" content=\"2020-11-17T23:15:16+00:00\" \/>\n<meta name=\"twitter:card\" content=\"summary_large_image\" \/>\n<meta name=\"twitter:label1\" content=\"Dur\u00e9e de lecture estim\u00e9e\" \/>\n\t<meta name=\"twitter:data1\" content=\"10 minutes\" \/>\n<script type=\"application\/ld+json\" class=\"yoast-schema-graph\">{\"@context\":\"https:\\\/\\\/schema.org\",\"@graph\":[{\"@type\":\"WebPage\",\"@id\":\"https:\\\/\\\/www.sanpool.ch\\\/fr\\\/gdpr\\\/\",\"url\":\"https:\\\/\\\/www.sanpool.ch\\\/fr\\\/gdpr\\\/\",\"name\":\"Politique de confidentialit\u00e9 - SanPool\",\"isPartOf\":{\"@id\":\"https:\\\/\\\/www.sanpool.ch\\\/fr\\\/#website\"},\"datePublished\":\"2020-10-08T19:22:42+00:00\",\"dateModified\":\"2020-11-17T23:15:16+00:00\",\"breadcrumb\":{\"@id\":\"https:\\\/\\\/www.sanpool.ch\\\/fr\\\/gdpr\\\/#breadcrumb\"},\"inLanguage\":\"fr-FR\",\"potentialAction\":[{\"@type\":\"ReadAction\",\"target\":[\"https:\\\/\\\/www.sanpool.ch\\\/fr\\\/gdpr\\\/\"]}]},{\"@type\":\"BreadcrumbList\",\"@id\":\"https:\\\/\\\/www.sanpool.ch\\\/fr\\\/gdpr\\\/#breadcrumb\",\"itemListElement\":[{\"@type\":\"ListItem\",\"position\":1,\"name\":\"Startseite\",\"item\":\"https:\\\/\\\/www.sanpool.ch\\\/fr\\\/\"},{\"@type\":\"ListItem\",\"position\":2,\"name\":\"Politique de confidentialit\u00e9\"}]},{\"@type\":\"WebSite\",\"@id\":\"https:\\\/\\\/www.sanpool.ch\\\/fr\\\/#website\",\"url\":\"https:\\\/\\\/www.sanpool.ch\\\/fr\\\/\",\"name\":\"SanPool\",\"description\":\"Schule f\u00fcr Gesundheit\",\"potentialAction\":[{\"@type\":\"SearchAction\",\"target\":{\"@type\":\"EntryPoint\",\"urlTemplate\":\"https:\\\/\\\/www.sanpool.ch\\\/fr\\\/?s={search_term_string}\"},\"query-input\":{\"@type\":\"PropertyValueSpecification\",\"valueRequired\":true,\"valueName\":\"search_term_string\"}}],\"inLanguage\":\"fr-FR\"}]}<\/script>\n<!-- \/ Yoast SEO plugin. -->","yoast_head_json":{"title":"Politique de confidentialit\u00e9 - SanPool","robots":{"index":"index","follow":"follow","max-snippet":"max-snippet:-1","max-image-preview":"max-image-preview:large","max-video-preview":"max-video-preview:-1"},"canonical":"https:\/\/www.sanpool.ch\/fr\/gdpr\/","og_locale":"fr_FR","og_type":"article","og_title":"Politique de confidentialit\u00e9 - SanPool","og_description":"Veuillez lire attentivement notre politique de confidentialit\u00e9 avant de continuer. Les personnes qui se connectent au site sanpool.ch de l\u2019association SanPool &#8211; \u00c9cole de la sant\u00e9 acceptent les conditions ci-dessous. Champ d\u2019application Cette d\u00e9claration de confidentialit\u00e9 est destin\u00e9e aux utilisateurs de ce site web conform\u00e9ment \u00e0 la loi f\u00e9d\u00e9rale sur la protection des donn\u00e9es (DSG) [&hellip;]","og_url":"https:\/\/www.sanpool.ch\/fr\/gdpr\/","og_site_name":"SanPool","article_modified_time":"2020-11-17T23:15:16+00:00","twitter_card":"summary_large_image","twitter_misc":{"Dur\u00e9e de lecture estim\u00e9e":"10 minutes"},"schema":{"@context":"https:\/\/schema.org","@graph":[{"@type":"WebPage","@id":"https:\/\/www.sanpool.ch\/fr\/gdpr\/","url":"https:\/\/www.sanpool.ch\/fr\/gdpr\/","name":"Politique de confidentialit\u00e9 - SanPool","isPartOf":{"@id":"https:\/\/www.sanpool.ch\/fr\/#website"},"datePublished":"2020-10-08T19:22:42+00:00","dateModified":"2020-11-17T23:15:16+00:00","breadcrumb":{"@id":"https:\/\/www.sanpool.ch\/fr\/gdpr\/#breadcrumb"},"inLanguage":"fr-FR","potentialAction":[{"@type":"ReadAction","target":["https:\/\/www.sanpool.ch\/fr\/gdpr\/"]}]},{"@type":"BreadcrumbList","@id":"https:\/\/www.sanpool.ch\/fr\/gdpr\/#breadcrumb","itemListElement":[{"@type":"ListItem","position":1,"name":"Startseite","item":"https:\/\/www.sanpool.ch\/fr\/"},{"@type":"ListItem","position":2,"name":"Politique de confidentialit\u00e9"}]},{"@type":"WebSite","@id":"https:\/\/www.sanpool.ch\/fr\/#website","url":"https:\/\/www.sanpool.ch\/fr\/","name":"SanPool","description":"Schule f\u00fcr Gesundheit","potentialAction":[{"@type":"SearchAction","target":{"@type":"EntryPoint","urlTemplate":"https:\/\/www.sanpool.ch\/fr\/?s={search_term_string}"},"query-input":{"@type":"PropertyValueSpecification","valueRequired":true,"valueName":"search_term_string"}}],"inLanguage":"fr-FR"}]}},"jetpack_sharing_enabled":true,"_links":{"self":[{"href":"https:\/\/www.sanpool.ch\/fr\/wp-json\/wp\/v2\/pages\/1645","targetHints":{"allow":["GET"]}}],"collection":[{"href":"https:\/\/www.sanpool.ch\/fr\/wp-json\/wp\/v2\/pages"}],"about":[{"href":"https:\/\/www.sanpool.ch\/fr\/wp-json\/wp\/v2\/types\/page"}],"author":[{"embeddable":true,"href":"https:\/\/www.sanpool.ch\/fr\/wp-json\/wp\/v2\/users\/2"}],"replies":[{"embeddable":true,"href":"https:\/\/www.sanpool.ch\/fr\/wp-json\/wp\/v2\/comments?post=1645"}],"version-history":[{"count":3,"href":"https:\/\/www.sanpool.ch\/fr\/wp-json\/wp\/v2\/pages\/1645\/revisions"}],"predecessor-version":[{"id":2537,"href":"https:\/\/www.sanpool.ch\/fr\/wp-json\/wp\/v2\/pages\/1645\/revisions\/2537"}],"wp:attachment":[{"href":"https:\/\/www.sanpool.ch\/fr\/wp-json\/wp\/v2\/media?parent=1645"}],"curies":[{"name":"wp","href":"https:\/\/api.w.org\/{rel}","templated":true}]}}