{"id":1951,"date":"2020-10-26T20:01:19","date_gmt":"2020-10-26T19:01:19","guid":{"rendered":"https:\/\/next.sanpool.ch\/certificats\/"},"modified":"2022-09-27T15:42:39","modified_gmt":"2022-09-27T13:42:39","slug":"certificats","status":"publish","type":"page","link":"https:\/\/www.sanpool.ch\/fr\/certificats\/","title":{"rendered":"Certificats"},"content":{"rendered":"<\/div><\/div><\/div><div>\n<div class=\"wp-block-cover alignfull is-light has-parallax has-custom-content-position is-position-bottom-center\" style=\"background-image:url(https:\/\/www.sanpool.ch\/wp-content\/uploads\/2020\/11\/95371878.jpg);min-height:600px;aspect-ratio:unset;\"><span aria-hidden=\"true\" class=\"wp-block-cover__background has-background-dim\"><\/span><div class=\"wp-block-cover__inner-container is-layout-flow wp-block-cover-is-layout-flow\">\n<p class=\"has-text-align-center\" style=\"font-size:80px\">Certificats<\/p>\n<\/div><\/div>\n<\/div><div class=\"container\"><div class=\"row\"><div class=\"col-12\">\n\n\n<div style=\"height:50px\" aria-hidden=\"true\" class=\"wp-block-spacer\"><\/div>\n\n\n\n<div style=\"height:50px\" aria-hidden=\"true\" class=\"wp-block-spacer\"><\/div>\n\n\n\n<div class=\"wp-block-media-text is-stacked-on-mobile\" style=\"grid-template-columns:29% auto\"><figure class=\"wp-block-media-text__media\"><img loading=\"lazy\" decoding=\"async\" width=\"1024\" height=\"364\" src=\"https:\/\/www.sanpool.ch\/wp-content\/uploads\/2020\/11\/2000px-EduQua_Logo.svg_-1024x364.png\" alt=\"\" class=\"wp-image-2347 size-full\" srcset=\"https:\/\/www.sanpool.ch\/wp-content\/uploads\/2020\/11\/2000px-EduQua_Logo.svg_-1024x364.png 1024w, https:\/\/www.sanpool.ch\/wp-content\/uploads\/2020\/11\/2000px-EduQua_Logo.svg_-300x107.png 300w, https:\/\/www.sanpool.ch\/wp-content\/uploads\/2020\/11\/2000px-EduQua_Logo.svg_-768x273.png 768w, https:\/\/www.sanpool.ch\/wp-content\/uploads\/2020\/11\/2000px-EduQua_Logo.svg_-1536x546.png 1536w, https:\/\/www.sanpool.ch\/wp-content\/uploads\/2020\/11\/2000px-EduQua_Logo.svg_-350x124.png 350w, https:\/\/www.sanpool.ch\/wp-content\/uploads\/2020\/11\/2000px-EduQua_Logo.svg_-700x249.png 700w, https:\/\/www.sanpool.ch\/wp-content\/uploads\/2020\/11\/2000px-EduQua_Logo.svg_-1920x683.png 1920w, https:\/\/www.sanpool.ch\/wp-content\/uploads\/2020\/11\/2000px-EduQua_Logo.svg_-447x159.png 447w, https:\/\/www.sanpool.ch\/wp-content\/uploads\/2020\/11\/2000px-EduQua_Logo.svg_-894x318.png 894w, https:\/\/www.sanpool.ch\/wp-content\/uploads\/2020\/11\/2000px-EduQua_Logo.svg_.png 2000w\" sizes=\"auto, (max-width: 1024px) 100vw, 1024px\" \/><\/figure><div class=\"wp-block-media-text__content\">\n<p><a href=\"http:\/\/www.eduqua.ch\">EduQua <\/a>est le premier label suisse de qualit\u00e9 adapt\u00e9 aux prestataires de formation continue. Le label encourage la transparence et la comparabilit\u00e9 de la formation continue en faveur des consommateurs et contribue \u00e0 garantir la qualit\u00e9 des offres de formation continue en Suisse.<\/p>\n\n\n\n<div class=\"wp-block-file\"><a id=\"wp-block-file--media-cf791411-05e5-4cf1-bdb7-09f332d35a23\" href=\"https:\/\/www.sanpool.ch\/wp-content\/uploads\/2020\/11\/320436_de_eduQua_20.pdf\" target=\"_blank\" rel=\"noreferrer noopener\">certificat eduQua-SanPool-2020<\/a><\/div>\n<\/div><\/div>\n\n\n\n<div style=\"height:50px\" aria-hidden=\"true\" class=\"wp-block-spacer\"><\/div>\n\n\n\n<div class=\"wp-block-media-text is-stacked-on-mobile\" style=\"grid-template-columns:29% auto\"><figure class=\"wp-block-media-text__media\"><img loading=\"lazy\" decoding=\"async\" width=\"300\" height=\"153\" src=\"https:\/\/www.sanpool.ch\/wp-content\/uploads\/2020\/11\/ASTRA_Logo2.png\" alt=\"\" class=\"wp-image-2491 size-full\"\/><\/figure><div class=\"wp-block-media-text__content\">\n<p>Les organisations d\u00e9sirant suivre des cours d\u2019urgence doivent \u00eatre reconnues par <a href=\"https:\/\/www.astra.admin.ch\/astra\/de\/home\/themen\/fuehrerausweis-ausbildung\/nothilfekurs.html\" target=\"_blank\" rel=\"noreferrer noopener\">l\u2019Office f\u00e9d\u00e9ral des routes (OFROU)<\/a>. L\u2019ASTRA n\u2019accorde la reconnaissance qu\u2019aux organismes disposant d\u2019un certificat de cours valable d\u00e9livr\u00e9 par l\u2019organisme de certification Soci\u00e9t\u00e9 G\u00e9n\u00e9rale de Surveillance SA (SGS).<\/p>\n\n\n\n<div class=\"wp-block-file\"><a id=\"wp-block-file--media-63383ba6-2647-4491-a45f-01c2dd69b0a4\" href=\"https:\/\/www.sanpool.ch\/wp-content\/uploads\/2020\/10\/Verfu\u0308gung-ASTRA-SanPool.pdf\" target=\"_blank\" rel=\"noreferrer noopener\">Verf\u00fcgung-ASTRA-SanPool-2006<\/a><\/div>\n<\/div><\/div>\n\n\n\n<div style=\"height:50px\" aria-hidden=\"true\" class=\"wp-block-spacer\"><\/div>\n\n\n\n<div class=\"wp-block-media-text is-stacked-on-mobile\" style=\"grid-template-columns:29% auto\"><figure class=\"wp-block-media-text__media\"><img loading=\"lazy\" decoding=\"async\" width=\"1024\" height=\"504\" src=\"https:\/\/www.sanpool.ch\/wp-content\/uploads\/2020\/05\/SGS_Logo-1024x504.png\" alt=\"\" class=\"wp-image-655 size-full\" srcset=\"https:\/\/www.sanpool.ch\/wp-content\/uploads\/2020\/05\/SGS_Logo-1024x504.png 1024w, https:\/\/www.sanpool.ch\/wp-content\/uploads\/2020\/05\/SGS_Logo-300x148.png 300w, https:\/\/www.sanpool.ch\/wp-content\/uploads\/2020\/05\/SGS_Logo-768x378.png 768w, https:\/\/www.sanpool.ch\/wp-content\/uploads\/2020\/05\/SGS_Logo-1536x756.png 1536w, https:\/\/www.sanpool.ch\/wp-content\/uploads\/2020\/05\/SGS_Logo-350x172.png 350w, https:\/\/www.sanpool.ch\/wp-content\/uploads\/2020\/05\/SGS_Logo-700x344.png 700w, https:\/\/www.sanpool.ch\/wp-content\/uploads\/2020\/05\/SGS_Logo-1920x945.png 1920w, https:\/\/www.sanpool.ch\/wp-content\/uploads\/2020\/05\/SGS_Logo-447x220.png 447w, https:\/\/www.sanpool.ch\/wp-content\/uploads\/2020\/05\/SGS_Logo-894x440.png 894w, https:\/\/www.sanpool.ch\/wp-content\/uploads\/2020\/05\/SGS_Logo.png 2000w\" sizes=\"auto, (max-width: 1024px) 100vw, 1024px\" \/><\/figure><div class=\"wp-block-media-text__content\">\n<p>Organisme de certification <a href=\"http:\/\/www.sgs.ch\">Soci\u00e9t\u00e9 G\u00e9n\u00e9rale <\/a> <a href=\"http:\/\/www.sgs.ch\" target=\"_blank\" rel=\"noreferrer noopener\">de <\/a>Surveillance <a href=\"http:\/\/www.sgs.ch\">SA (SGS)<\/a> certifi\u00e9 pour le compte de l\u2019Office f\u00e9d\u00e9ral des routes (ASTRA) et en collaboration avec la Commission suisse de sauvetage m\u00e9dical (SMEDREC) Formation des profanes et formateurs en sauvetage.<\/p>\n\n\n\n<div class=\"wp-block-file\"><a id=\"wp-block-file--media-66ca3ba5-86bc-4d67-a45c-d74270ba7b4d\" href=\"https:\/\/www.sanpool.ch\/wp-content\/uploads\/2022\/09\/SGS-Zertifikat-2022-1.pdf\" target=\"_blank\" rel=\"noreferrer noopener\">Certificat SGS-SanPool-2022<\/a><\/div>\n<\/div><\/div>\n\n\n\n<div style=\"height:50px\" aria-hidden=\"true\" class=\"wp-block-spacer\"><\/div>\n\n\n\n<div class=\"wp-block-media-text is-stacked-on-mobile\" style=\"grid-template-columns:29% auto\"><figure class=\"wp-block-media-text__media\"><img loading=\"lazy\" decoding=\"async\" width=\"719\" height=\"469\" src=\"https:\/\/www.sanpool.ch\/wp-content\/uploads\/2020\/11\/SRC_logo2-e1605140042450.png\" alt=\"\" class=\"wp-image-2496 size-full\" srcset=\"https:\/\/www.sanpool.ch\/wp-content\/uploads\/2020\/11\/SRC_logo2-e1605140042450.png 719w, https:\/\/www.sanpool.ch\/wp-content\/uploads\/2020\/11\/SRC_logo2-e1605140042450-300x196.png 300w, https:\/\/www.sanpool.ch\/wp-content\/uploads\/2020\/11\/SRC_logo2-e1605140042450-350x228.png 350w, https:\/\/www.sanpool.ch\/wp-content\/uploads\/2020\/11\/SRC_logo2-e1605140042450-700x457.png 700w, https:\/\/www.sanpool.ch\/wp-content\/uploads\/2020\/11\/SRC_logo2-e1605140042450-447x292.png 447w\" sizes=\"auto, (max-width: 719px) 100vw, 719px\" \/><\/figure><div class=\"wp-block-media-text__content\">\n<div class=\"wp-block-group\"><div class=\"wp-block-group__inner-container is-layout-flow wp-block-group-is-layout-flow\">\n<p>Le <a href=\"http:\/\/resuscitation.ch\" target=\"_blank\" rel=\"noreferrer noopener\">Swiss Resuscitation Council (SRC)<\/a> a \u00e9t\u00e9 cr\u00e9\u00e9 en 2000 et est une soci\u00e9t\u00e9 ind\u00e9pendante travaillant selon des connaissances et des m\u00e9thodes scientifiques reconnues.<\/p>\n\n\n\n<p>Le sceau d\u2019approbation SRC \u00abtest\u00e9 selon les directives 2021\u00bb indique que le contenu du cours est conforme au dernier consensus international pour la r\u00e9animation, le soi-disant Consensus ILCOR sur la science avec recommandation de traitement 2021 CoSTR, ainsi que les directives de cours SRC. Le SRC d\u00e9livre au fournisseur de cours un label de qualit\u00e9 pour les cours contr\u00f4l\u00e9s.<\/p>\n<\/div><\/div>\n\n\n\n<div class=\"wp-block-file\"><a id=\"wp-block-file--media-7d47eb99-8329-491b-99f7-335d38d328fa\" href=\"https:\/\/www.sanpool.ch\/wp-content\/uploads\/2021\/11\/SRC-2021-Guetesiegel-1.pdf\" target=\"_blank\" rel=\"noreferrer noopener\">SRC-2021-Guetesiegel<\/a><\/div>\n<\/div><\/div>\n\n\n\n<div style=\"height:100px\" aria-hidden=\"true\" class=\"wp-block-spacer\"><\/div>\n","protected":false},"excerpt":{"rendered":"","protected":false},"author":2,"featured_media":0,"parent":0,"menu_order":0,"comment_status":"closed","ping_status":"closed","template":"","meta":{"_acf_changed":false,"footnotes":""},"class_list":["post-1951","page","type-page","status-publish","hentry"],"acf":[],"yoast_head":"<!-- This site is optimized with the Yoast SEO plugin v27.4 - https:\/\/yoast.com\/product\/yoast-seo-wordpress\/ -->\n<title>Certificats - SanPool<\/title>\n<meta name=\"robots\" content=\"index, follow, max-snippet:-1, max-image-preview:large, max-video-preview:-1\" \/>\n<link rel=\"canonical\" href=\"https:\/\/www.sanpool.ch\/fr\/certificats\/\" \/>\n<meta property=\"og:locale\" content=\"fr_FR\" \/>\n<meta property=\"og:type\" content=\"article\" \/>\n<meta property=\"og:title\" content=\"Certificats - SanPool\" \/>\n<meta property=\"og:url\" content=\"https:\/\/www.sanpool.ch\/fr\/certificats\/\" \/>\n<meta property=\"og:site_name\" content=\"SanPool\" \/>\n<meta property=\"article:modified_time\" content=\"2022-09-27T13:42:39+00:00\" \/>\n<meta property=\"og:image\" content=\"https:\/\/www.sanpool.ch\/wp-content\/uploads\/2020\/11\/2000px-EduQua_Logo.svg_-1024x364.png\" \/>\n<meta name=\"twitter:card\" content=\"summary_large_image\" \/>\n<meta name=\"twitter:label1\" content=\"Dur\u00e9e de lecture estim\u00e9e\" \/>\n\t<meta name=\"twitter:data1\" content=\"2 minutes\" \/>\n<script type=\"application\/ld+json\" class=\"yoast-schema-graph\">{\"@context\":\"https:\\\/\\\/schema.org\",\"@graph\":[{\"@type\":\"WebPage\",\"@id\":\"https:\\\/\\\/www.sanpool.ch\\\/fr\\\/certificats\\\/\",\"url\":\"https:\\\/\\\/www.sanpool.ch\\\/fr\\\/certificats\\\/\",\"name\":\"Certificats - SanPool\",\"isPartOf\":{\"@id\":\"https:\\\/\\\/www.sanpool.ch\\\/fr\\\/#website\"},\"primaryImageOfPage\":{\"@id\":\"https:\\\/\\\/www.sanpool.ch\\\/fr\\\/certificats\\\/#primaryimage\"},\"image\":{\"@id\":\"https:\\\/\\\/www.sanpool.ch\\\/fr\\\/certificats\\\/#primaryimage\"},\"thumbnailUrl\":\"https:\\\/\\\/www.sanpool.ch\\\/wp-content\\\/uploads\\\/2020\\\/11\\\/2000px-EduQua_Logo.svg_-1024x364.png\",\"datePublished\":\"2020-10-26T19:01:19+00:00\",\"dateModified\":\"2022-09-27T13:42:39+00:00\",\"breadcrumb\":{\"@id\":\"https:\\\/\\\/www.sanpool.ch\\\/fr\\\/certificats\\\/#breadcrumb\"},\"inLanguage\":\"fr-FR\",\"potentialAction\":[{\"@type\":\"ReadAction\",\"target\":[\"https:\\\/\\\/www.sanpool.ch\\\/fr\\\/certificats\\\/\"]}]},{\"@type\":\"ImageObject\",\"inLanguage\":\"fr-FR\",\"@id\":\"https:\\\/\\\/www.sanpool.ch\\\/fr\\\/certificats\\\/#primaryimage\",\"url\":\"https:\\\/\\\/www.sanpool.ch\\\/wp-content\\\/uploads\\\/2020\\\/11\\\/2000px-EduQua_Logo.svg_-1024x364.png\",\"contentUrl\":\"https:\\\/\\\/www.sanpool.ch\\\/wp-content\\\/uploads\\\/2020\\\/11\\\/2000px-EduQua_Logo.svg_-1024x364.png\"},{\"@type\":\"BreadcrumbList\",\"@id\":\"https:\\\/\\\/www.sanpool.ch\\\/fr\\\/certificats\\\/#breadcrumb\",\"itemListElement\":[{\"@type\":\"ListItem\",\"position\":1,\"name\":\"Startseite\",\"item\":\"https:\\\/\\\/www.sanpool.ch\\\/fr\\\/\"},{\"@type\":\"ListItem\",\"position\":2,\"name\":\"Certificats\"}]},{\"@type\":\"WebSite\",\"@id\":\"https:\\\/\\\/www.sanpool.ch\\\/fr\\\/#website\",\"url\":\"https:\\\/\\\/www.sanpool.ch\\\/fr\\\/\",\"name\":\"SanPool\",\"description\":\"Schule f\u00fcr Gesundheit\",\"potentialAction\":[{\"@type\":\"SearchAction\",\"target\":{\"@type\":\"EntryPoint\",\"urlTemplate\":\"https:\\\/\\\/www.sanpool.ch\\\/fr\\\/?s={search_term_string}\"},\"query-input\":{\"@type\":\"PropertyValueSpecification\",\"valueRequired\":true,\"valueName\":\"search_term_string\"}}],\"inLanguage\":\"fr-FR\"}]}<\/script>\n<!-- \/ Yoast SEO plugin. -->","yoast_head_json":{"title":"Certificats - SanPool","robots":{"index":"index","follow":"follow","max-snippet":"max-snippet:-1","max-image-preview":"max-image-preview:large","max-video-preview":"max-video-preview:-1"},"canonical":"https:\/\/www.sanpool.ch\/fr\/certificats\/","og_locale":"fr_FR","og_type":"article","og_title":"Certificats - SanPool","og_url":"https:\/\/www.sanpool.ch\/fr\/certificats\/","og_site_name":"SanPool","article_modified_time":"2022-09-27T13:42:39+00:00","og_image":[{"url":"https:\/\/www.sanpool.ch\/wp-content\/uploads\/2020\/11\/2000px-EduQua_Logo.svg_-1024x364.png","type":"","width":"","height":""}],"twitter_card":"summary_large_image","twitter_misc":{"Dur\u00e9e de lecture estim\u00e9e":"2 minutes"},"schema":{"@context":"https:\/\/schema.org","@graph":[{"@type":"WebPage","@id":"https:\/\/www.sanpool.ch\/fr\/certificats\/","url":"https:\/\/www.sanpool.ch\/fr\/certificats\/","name":"Certificats - SanPool","isPartOf":{"@id":"https:\/\/www.sanpool.ch\/fr\/#website"},"primaryImageOfPage":{"@id":"https:\/\/www.sanpool.ch\/fr\/certificats\/#primaryimage"},"image":{"@id":"https:\/\/www.sanpool.ch\/fr\/certificats\/#primaryimage"},"thumbnailUrl":"https:\/\/www.sanpool.ch\/wp-content\/uploads\/2020\/11\/2000px-EduQua_Logo.svg_-1024x364.png","datePublished":"2020-10-26T19:01:19+00:00","dateModified":"2022-09-27T13:42:39+00:00","breadcrumb":{"@id":"https:\/\/www.sanpool.ch\/fr\/certificats\/#breadcrumb"},"inLanguage":"fr-FR","potentialAction":[{"@type":"ReadAction","target":["https:\/\/www.sanpool.ch\/fr\/certificats\/"]}]},{"@type":"ImageObject","inLanguage":"fr-FR","@id":"https:\/\/www.sanpool.ch\/fr\/certificats\/#primaryimage","url":"https:\/\/www.sanpool.ch\/wp-content\/uploads\/2020\/11\/2000px-EduQua_Logo.svg_-1024x364.png","contentUrl":"https:\/\/www.sanpool.ch\/wp-content\/uploads\/2020\/11\/2000px-EduQua_Logo.svg_-1024x364.png"},{"@type":"BreadcrumbList","@id":"https:\/\/www.sanpool.ch\/fr\/certificats\/#breadcrumb","itemListElement":[{"@type":"ListItem","position":1,"name":"Startseite","item":"https:\/\/www.sanpool.ch\/fr\/"},{"@type":"ListItem","position":2,"name":"Certificats"}]},{"@type":"WebSite","@id":"https:\/\/www.sanpool.ch\/fr\/#website","url":"https:\/\/www.sanpool.ch\/fr\/","name":"SanPool","description":"Schule f\u00fcr Gesundheit","potentialAction":[{"@type":"SearchAction","target":{"@type":"EntryPoint","urlTemplate":"https:\/\/www.sanpool.ch\/fr\/?s={search_term_string}"},"query-input":{"@type":"PropertyValueSpecification","valueRequired":true,"valueName":"search_term_string"}}],"inLanguage":"fr-FR"}]}},"jetpack_sharing_enabled":true,"_links":{"self":[{"href":"https:\/\/www.sanpool.ch\/fr\/wp-json\/wp\/v2\/pages\/1951","targetHints":{"allow":["GET"]}}],"collection":[{"href":"https:\/\/www.sanpool.ch\/fr\/wp-json\/wp\/v2\/pages"}],"about":[{"href":"https:\/\/www.sanpool.ch\/fr\/wp-json\/wp\/v2\/types\/page"}],"author":[{"embeddable":true,"href":"https:\/\/www.sanpool.ch\/fr\/wp-json\/wp\/v2\/users\/2"}],"replies":[{"embeddable":true,"href":"https:\/\/www.sanpool.ch\/fr\/wp-json\/wp\/v2\/comments?post=1951"}],"version-history":[{"count":13,"href":"https:\/\/www.sanpool.ch\/fr\/wp-json\/wp\/v2\/pages\/1951\/revisions"}],"predecessor-version":[{"id":3403,"href":"https:\/\/www.sanpool.ch\/fr\/wp-json\/wp\/v2\/pages\/1951\/revisions\/3403"}],"wp:attachment":[{"href":"https:\/\/www.sanpool.ch\/fr\/wp-json\/wp\/v2\/media?parent=1951"}],"curies":[{"name":"wp","href":"https:\/\/api.w.org\/{rel}","templated":true}]}}