{"id":3014,"date":"2021-09-07T01:10:17","date_gmt":"2021-09-06T23:10:17","guid":{"rendered":"https:\/\/www.sanpool.ch\/gv\/"},"modified":"2025-04-29T21:21:42","modified_gmt":"2025-04-29T19:21:42","slug":"gv","status":"publish","type":"page","link":"https:\/\/www.sanpool.ch\/fr\/gv\/","title":{"rendered":"Assembl\u00e9e g\u00e9n\u00e9rale annuelle 2025"},"content":{"rendered":"<\/div><\/div><\/div><div>\n<div class=\"wp-block-cover alignfull is-light has-parallax\" style=\"min-height:400px;aspect-ratio:unset;\"><span aria-hidden=\"true\" class=\"wp-block-cover__background has-background-dim\"><\/span><div class=\"wp-block-cover__image-background wp-image-2991 has-parallax\" style=\"background-position:50% 50%;background-image:url(https:\/\/www.sanpool.ch\/wp-content\/uploads\/2021\/09\/52460799-scaled.jpg)\"><\/div><div class=\"wp-block-cover__inner-container is-layout-flow wp-block-cover-is-layout-flow\">\n<h1 class=\"wp-block-heading has-text-align-center\" style=\"font-size:60px\"><span class=\"tadv-color\" style=\"color:#ffffff\">Assembl\u00e9e g\u00e9n\u00e9rale<\/span><\/h1>\n\n\n\n<p><\/p>\n<\/div><\/div>\n<\/div><div class=\"container\"><div class=\"row\"><div class=\"col-12\">\n<div style=\"height:50px\" aria-hidden=\"true\" class=\"wp-block-spacer\"><\/div>\n\n<p class=\"has-text-align-center has-white-color has-blue-background-color has-text-color has-background has-medium-font-size\">Nous vous invitons \u00e0 l\u2019Assembl\u00e9e G\u00e9n\u00e9rale Annuelle de SanPool.<br\/><br\/>Mercredi 18 juin 2025 de 19h00 \u00e0 20h00<br\/>\u00c9v\u00e9nement EN LIGNE (webinaire Zoom)<br\/><br\/>L\u2019Assembl\u00e9e g\u00e9n\u00e9rale se tiendra en allemand.<\/p>\n\n<div style=\"height:50px\" aria-hidden=\"true\" class=\"wp-block-spacer\"><\/div>\n<p>Malheureusement, l&rsquo;inscription n&rsquo;est plus possible.<\/p>\n<div style=\"height:50px\" aria-hidden=\"true\" class=\"wp-block-spacer\"><\/div>\n\n<p><\/p>\n","protected":false},"excerpt":{"rendered":"<p>Nous vous invitons \u00e0 l\u2019Assembl\u00e9e G\u00e9n\u00e9rale Annuelle de SanPool. Mercredi 18 juin 2025 de 19h00 \u00e0 20h00\u00c9v\u00e9nement EN LIGNE (webinaire Zoom) L\u2019Assembl\u00e9e g\u00e9n\u00e9rale se tiendra en allemand.<\/p>\n","protected":false},"author":2,"featured_media":0,"parent":0,"menu_order":0,"comment_status":"closed","ping_status":"closed","template":"","meta":{"_acf_changed":false,"footnotes":""},"class_list":["post-3014","page","type-page","status-publish","hentry"],"acf":[],"yoast_head":"<!-- This site is optimized with the Yoast SEO plugin v27.4 - https:\/\/yoast.com\/product\/yoast-seo-wordpress\/ -->\n<title>Assembl\u00e9e g\u00e9n\u00e9rale annuelle 2025 - SanPool<\/title>\n<meta name=\"robots\" content=\"index, follow, max-snippet:-1, max-image-preview:large, max-video-preview:-1\" \/>\n<link rel=\"canonical\" href=\"https:\/\/www.sanpool.ch\/fr\/gv\/\" \/>\n<meta property=\"og:locale\" content=\"fr_FR\" \/>\n<meta property=\"og:type\" content=\"article\" \/>\n<meta property=\"og:title\" content=\"Assembl\u00e9e g\u00e9n\u00e9rale annuelle 2025 - SanPool\" \/>\n<meta property=\"og:description\" content=\"Nous vous invitons \u00e0 l\u2019Assembl\u00e9e G\u00e9n\u00e9rale Annuelle de SanPool. Mercredi 18 juin 2025 de 19h00 \u00e0 20h00\u00c9v\u00e9nement EN LIGNE (webinaire Zoom) L\u2019Assembl\u00e9e g\u00e9n\u00e9rale se tiendra en allemand.\" \/>\n<meta property=\"og:url\" content=\"https:\/\/www.sanpool.ch\/fr\/gv\/\" \/>\n<meta property=\"og:site_name\" content=\"SanPool\" \/>\n<meta property=\"article:modified_time\" content=\"2025-04-29T19:21:42+00:00\" \/>\n<meta name=\"twitter:card\" content=\"summary_large_image\" \/>\n<meta name=\"twitter:label1\" content=\"Dur\u00e9e de lecture estim\u00e9e\" \/>\n\t<meta name=\"twitter:data1\" content=\"1 minute\" \/>\n<script type=\"application\/ld+json\" class=\"yoast-schema-graph\">{\"@context\":\"https:\\\/\\\/schema.org\",\"@graph\":[{\"@type\":\"WebPage\",\"@id\":\"https:\\\/\\\/www.sanpool.ch\\\/fr\\\/gv\\\/\",\"url\":\"https:\\\/\\\/www.sanpool.ch\\\/fr\\\/gv\\\/\",\"name\":\"Assembl\u00e9e g\u00e9n\u00e9rale annuelle 2025 - SanPool\",\"isPartOf\":{\"@id\":\"https:\\\/\\\/www.sanpool.ch\\\/fr\\\/#website\"},\"datePublished\":\"2021-09-06T23:10:17+00:00\",\"dateModified\":\"2025-04-29T19:21:42+00:00\",\"breadcrumb\":{\"@id\":\"https:\\\/\\\/www.sanpool.ch\\\/fr\\\/gv\\\/#breadcrumb\"},\"inLanguage\":\"fr-FR\",\"potentialAction\":[{\"@type\":\"ReadAction\",\"target\":[\"https:\\\/\\\/www.sanpool.ch\\\/fr\\\/gv\\\/\"]}]},{\"@type\":\"BreadcrumbList\",\"@id\":\"https:\\\/\\\/www.sanpool.ch\\\/fr\\\/gv\\\/#breadcrumb\",\"itemListElement\":[{\"@type\":\"ListItem\",\"position\":1,\"name\":\"Startseite\",\"item\":\"https:\\\/\\\/www.sanpool.ch\\\/fr\\\/\"},{\"@type\":\"ListItem\",\"position\":2,\"name\":\"Assembl\u00e9e g\u00e9n\u00e9rale annuelle 2025\"}]},{\"@type\":\"WebSite\",\"@id\":\"https:\\\/\\\/www.sanpool.ch\\\/fr\\\/#website\",\"url\":\"https:\\\/\\\/www.sanpool.ch\\\/fr\\\/\",\"name\":\"SanPool\",\"description\":\"Schule f\u00fcr Gesundheit\",\"potentialAction\":[{\"@type\":\"SearchAction\",\"target\":{\"@type\":\"EntryPoint\",\"urlTemplate\":\"https:\\\/\\\/www.sanpool.ch\\\/fr\\\/?s={search_term_string}\"},\"query-input\":{\"@type\":\"PropertyValueSpecification\",\"valueRequired\":true,\"valueName\":\"search_term_string\"}}],\"inLanguage\":\"fr-FR\"}]}<\/script>\n<!-- \/ Yoast SEO plugin. -->","yoast_head_json":{"title":"Assembl\u00e9e g\u00e9n\u00e9rale annuelle 2025 - SanPool","robots":{"index":"index","follow":"follow","max-snippet":"max-snippet:-1","max-image-preview":"max-image-preview:large","max-video-preview":"max-video-preview:-1"},"canonical":"https:\/\/www.sanpool.ch\/fr\/gv\/","og_locale":"fr_FR","og_type":"article","og_title":"Assembl\u00e9e g\u00e9n\u00e9rale annuelle 2025 - SanPool","og_description":"Nous vous invitons \u00e0 l\u2019Assembl\u00e9e G\u00e9n\u00e9rale Annuelle de SanPool. Mercredi 18 juin 2025 de 19h00 \u00e0 20h00\u00c9v\u00e9nement EN LIGNE (webinaire Zoom) L\u2019Assembl\u00e9e g\u00e9n\u00e9rale se tiendra en allemand.","og_url":"https:\/\/www.sanpool.ch\/fr\/gv\/","og_site_name":"SanPool","article_modified_time":"2025-04-29T19:21:42+00:00","twitter_card":"summary_large_image","twitter_misc":{"Dur\u00e9e de lecture estim\u00e9e":"1 minute"},"schema":{"@context":"https:\/\/schema.org","@graph":[{"@type":"WebPage","@id":"https:\/\/www.sanpool.ch\/fr\/gv\/","url":"https:\/\/www.sanpool.ch\/fr\/gv\/","name":"Assembl\u00e9e g\u00e9n\u00e9rale annuelle 2025 - SanPool","isPartOf":{"@id":"https:\/\/www.sanpool.ch\/fr\/#website"},"datePublished":"2021-09-06T23:10:17+00:00","dateModified":"2025-04-29T19:21:42+00:00","breadcrumb":{"@id":"https:\/\/www.sanpool.ch\/fr\/gv\/#breadcrumb"},"inLanguage":"fr-FR","potentialAction":[{"@type":"ReadAction","target":["https:\/\/www.sanpool.ch\/fr\/gv\/"]}]},{"@type":"BreadcrumbList","@id":"https:\/\/www.sanpool.ch\/fr\/gv\/#breadcrumb","itemListElement":[{"@type":"ListItem","position":1,"name":"Startseite","item":"https:\/\/www.sanpool.ch\/fr\/"},{"@type":"ListItem","position":2,"name":"Assembl\u00e9e g\u00e9n\u00e9rale annuelle 2025"}]},{"@type":"WebSite","@id":"https:\/\/www.sanpool.ch\/fr\/#website","url":"https:\/\/www.sanpool.ch\/fr\/","name":"SanPool","description":"Schule f\u00fcr Gesundheit","potentialAction":[{"@type":"SearchAction","target":{"@type":"EntryPoint","urlTemplate":"https:\/\/www.sanpool.ch\/fr\/?s={search_term_string}"},"query-input":{"@type":"PropertyValueSpecification","valueRequired":true,"valueName":"search_term_string"}}],"inLanguage":"fr-FR"}]}},"jetpack_sharing_enabled":true,"_links":{"self":[{"href":"https:\/\/www.sanpool.ch\/fr\/wp-json\/wp\/v2\/pages\/3014","targetHints":{"allow":["GET"]}}],"collection":[{"href":"https:\/\/www.sanpool.ch\/fr\/wp-json\/wp\/v2\/pages"}],"about":[{"href":"https:\/\/www.sanpool.ch\/fr\/wp-json\/wp\/v2\/types\/page"}],"author":[{"embeddable":true,"href":"https:\/\/www.sanpool.ch\/fr\/wp-json\/wp\/v2\/users\/2"}],"replies":[{"embeddable":true,"href":"https:\/\/www.sanpool.ch\/fr\/wp-json\/wp\/v2\/comments?post=3014"}],"version-history":[{"count":16,"href":"https:\/\/www.sanpool.ch\/fr\/wp-json\/wp\/v2\/pages\/3014\/revisions"}],"predecessor-version":[{"id":4184,"href":"https:\/\/www.sanpool.ch\/fr\/wp-json\/wp\/v2\/pages\/3014\/revisions\/4184"}],"wp:attachment":[{"href":"https:\/\/www.sanpool.ch\/fr\/wp-json\/wp\/v2\/media?parent=3014"}],"curies":[{"name":"wp","href":"https:\/\/api.w.org\/{rel}","templated":true}]}}