{"id":932,"date":"2020-09-06T20:51:38","date_gmt":"2020-09-06T18:51:38","guid":{"rendered":"https:\/\/next.sanpool.ch\/?page_id=932"},"modified":"2020-10-26T19:53:56","modified_gmt":"2020-10-26T18:53:56","slug":"mentions-legales","status":"publish","type":"page","link":"https:\/\/www.sanpool.ch\/fr\/mentions-legales\/","title":{"rendered":"Mentions l\u00e9gales"},"content":{"rendered":"\n<h2 class=\"h3 wp-block-heading\">Adresse de contact<\/h2>\n\n<p>SanPool &#8211; \u00c9cole de la sant\u00e9<br\/>Hochbergerstrasse 70<br\/>CH-4057 Basel<\/p>\n\n<p>T\u00e9l\u00e9phone: +41 (0)61 602 06 06<br\/>Mail: <a href=\"mailto:info@sanpool.ch\">info@sanpool.ch<\/a><\/p>\n\n<h2 class=\"wp-block-heading\">Personnes ayant droit de repr\u00e9sentation<\/h2>\n\n<p>Daniel Uebersax, Didier Gonzalez<\/p>\n\n<h2 class=\"h3 wp-block-heading\">Inscription au registre du commerce<\/h2>\n\n<p>Forme juridique: association<br\/>Nom de l\u2019association : SanPool &#8211; \u00c9cole de sant\u00e9<br\/>Num\u00e9ro du registre du commerce: CH-270.6.000.555-8<br\/>Office du registre du commerce: B\u00e2le-Ville<\/p>\n\n<h2 class=\"h3 wp-block-heading\">Exclusion de responsabilit\u00e9<\/h2>\n\n<p>L\u2019auteur n\u2019assume aucune garantie quant au contenu  \nL\u2019exactitude, l\u2019exactitude, l\u2019actualit\u00e9, la fiabilit\u00e9 et la fiabilit\u00e9  \nExhaustivit\u00e9 de l\u2019information.<\/p>\n\n<p>Droits de responsabilit\u00e9 contre le  \nAuteur pour des dommages mat\u00e9riels ou immat\u00e9riels r\u00e9sultant du  \nAcc\u00e8s ou utilisation ou non-utilisation des donn\u00e9es publi\u00e9es  \nInformations, par abus de connexion ou par des techniques  \nLes perturbations sont exclues.<\/p>\n\n<p>Toutes les offres  \nsont non contraignants. L\u2019auteur se r\u00e9serve express\u00e9ment le droit de\n  Pages ou l\u2019ensemble de l\u2019offre sans pr\u00e9avis  \nmodifier, compl\u00e9ter, supprimer ou supprimer temporairement la publication  \nou de l\u2019arr\u00eater d\u00e9finitivement.<\/p>\n\n<h2 class=\"h3 wp-block-heading\">Responsabilit\u00e9 pour les liens<\/h2>\n\n<p>Les liens et les liens vers des sites tiers sont hors de notre responsabilit\u00e9. Toute responsabilit\u00e9 \u00e0 l\u2019\u00e9gard de ces sites est rejet\u00e9e. L\u2019acc\u00e8s et l\u2019utilisation de ces sites web sont effectu\u00e9s aux risques propres de l\u2019utilisateur ou de l\u2019utilisateur.<\/p>\n\n<h2 class=\"h3 wp-block-heading\">Droits d\u2019auteur<\/h2>\n\n<p>Les droits d\u2019auteur et tout autre droit de contenu, d\u2019images, de photos ou d\u2019autres fichiers sur le site internet appartiennent exclusivement \u00e0 SanPool ou aux titulaires de droits sp\u00e9cifiquement mentionn\u00e9s. Pour la reproduction de tout \u00e9l\u00e9ment, le consentement \u00e9crit des organismes de droits d\u2019auteur doit \u00eatre obtenu \u00e0 l\u2019avance.<\/p>\n\n<h2 class=\"wp-block-heading\">Protection des donn\u00e9es<\/h2>\n\n<p>En vertu de l\u2019article 13 de la Constitution f\u00e9d\u00e9rale suisse et des dispositions de la loi f\u00e9d\u00e9rale sur la protection des donn\u00e9es (loi sur la protection des donn\u00e9es, DSG), chaque personne a droit \u00e0 la protection de sa vie priv\u00e9e ainsi qu\u2019\u00e0 la protection contre l\u2019utilisation abusive de ses donn\u00e9es personnelles. Nous respectons ces dispositions. Les donn\u00e9es personnelles sont trait\u00e9es de mani\u00e8re strictement confidentielle et ne sont ni vendues ni transmises \u00e0 des tiers.<\/p>\n\n<p>En \u00e9troite collaboration avec nos h\u00e9bergeurs, nous nous effor\u00e7ons de prot\u00e9ger au mieux les bases de donn\u00e9es contre les acc\u00e8s, les pertes, les abus ou la contrefa\u00e7on.<\/p>\n\n<p>Lorsque vous acc\u00e9dez \u00e0 nos sites Web, les donn\u00e9es suivantes sont stock\u00e9es dans les fichiers journaux: adresse IP, date, heure, demande de navigateur et allg. les informations transmises sur le syst\u00e8me d\u2019exploitation resp. Navigateurs. Ces donn\u00e9es d\u2019utilisation constituent la base des \u00e9valuations statistiques et anonymes, ce qui permet d\u2019identifier les tendances qui nous permettent d\u2019am\u00e9liorer nos offres en cons\u00e9quence.<\/p>\n\n<h2 class=\"wp-block-heading\">Politique de confidentialit\u00e9 pour l\u2019utilisation de Google Analytics<\/h2>\n\n<p>Ce site web utilise Google Analytics, un service d\u2019analyse web de Google Inc. (\u00abGoogle\u00bb). Google Analytics utilise des \u00abcookies\u00bb, des fichiers texte qui sont stock\u00e9s sur votre ordinateur et qui permettent d\u2019analyser l\u2019utilisation du site par vous. Les informations g\u00e9n\u00e9r\u00e9es par le cookie concernant votre utilisation de ce site Web sont g\u00e9n\u00e9ralement transmises et stock\u00e9es \u00e0 un serveur de Google aux \u00c9tats-Unis. Toutefois, en cas d\u2019activation de l\u2019anonymisation ip sur ce site, votre adresse IP sera pr\u00e9alablement raccourcie par Google dans les \u00c9tats membres de l\u2019Union europ\u00e9enne ou dans d\u2019autres \u00c9tats parties \u00e0 l\u2019Accord sur l\u2019Espace \u00e9conomique europ\u00e9en.<\/p>\n\n<p>Ce n\u2019est que dans des cas exceptionnels que l\u2019adresse IP compl\u00e8te est transf\u00e9r\u00e9e et raccourcie \u00e0 un serveur de Google aux \u00c9tats-Unis. Google utilisera ces informations pour \u00e9valuer votre utilisation du site, pour compiler des rapports sur les activit\u00e9s du site web pour les exploitants du site web et pour fournir d\u2019autres services li\u00e9s \u00e0 l\u2019utilisation du site web et \u00e0 l\u2019utilisation d\u2019Internet. Google peut \u00e9galement transf\u00e9rer ces informations \u00e0 des tiers, si la loi l\u2019exige ou si des tiers traitent ces donn\u00e9es pour le compte de Google. L\u2019adresse IP fournie par votre navigateur dans le cadre de Google Analytics ne sera pas fusionn\u00e9es avec d\u2019autres donn\u00e9es de Google.<\/p>\n\n<p>Vous pouvez emp\u00eacher l\u2019installation des cookies en param\u00e9disant le logiciel de votre navigateur; nous vous insinautons toutefois que, dans ce cas, vous ne pourrez pas utiliser pleinement toutes les fonctionnalit\u00e9s de ce site Web. En utilisant ce site, vous acceptez le traitement par Google des donn\u00e9es collect\u00e9es \u00e0 votre sujet de la mani\u00e8re d\u00e9crite ci-dessus et dans le but pr\u00e9c\u00e9demment d\u00e9fini.<\/p>\n","protected":false},"excerpt":{"rendered":"<p>Adresse de contact SanPool &#8211; \u00c9cole de la sant\u00e9Hochbergerstrasse 70CH-4057 Basel T\u00e9l\u00e9phone: +41 (0)61 602 06 06Mail: info@sanpool.ch Personnes ayant droit de repr\u00e9sentation Daniel Uebersax, Didier Gonzalez Inscription au registre du commerce Forme juridique: associationNom de l\u2019association : SanPool &#8211; \u00c9cole de sant\u00e9Num\u00e9ro du registre du commerce: CH-270.6.000.555-8Office du registre du commerce: B\u00e2le-Ville Exclusion de [&hellip;]<\/p>\n","protected":false},"author":2,"featured_media":0,"parent":0,"menu_order":0,"comment_status":"closed","ping_status":"closed","template":"","meta":{"_acf_changed":false,"footnotes":""},"class_list":["post-932","page","type-page","status-publish","hentry"],"acf":[],"yoast_head":"<!-- This site is optimized with the Yoast SEO plugin v27.4 - https:\/\/yoast.com\/product\/yoast-seo-wordpress\/ -->\n<title>Mentions l\u00e9gales - SanPool<\/title>\n<meta name=\"robots\" content=\"index, follow, max-snippet:-1, max-image-preview:large, max-video-preview:-1\" \/>\n<link rel=\"canonical\" href=\"https:\/\/www.sanpool.ch\/fr\/mentions-legales\/\" \/>\n<meta property=\"og:locale\" content=\"fr_FR\" \/>\n<meta property=\"og:type\" content=\"article\" \/>\n<meta property=\"og:title\" content=\"Mentions l\u00e9gales - SanPool\" \/>\n<meta property=\"og:description\" content=\"Adresse de contact SanPool &#8211; \u00c9cole de la sant\u00e9Hochbergerstrasse 70CH-4057 Basel T\u00e9l\u00e9phone: +41 (0)61 602 06 06Mail: info@sanpool.ch Personnes ayant droit de repr\u00e9sentation Daniel Uebersax, Didier Gonzalez Inscription au registre du commerce Forme juridique: associationNom de l\u2019association : SanPool &#8211; \u00c9cole de sant\u00e9Num\u00e9ro du registre du commerce: CH-270.6.000.555-8Office du registre du commerce: B\u00e2le-Ville Exclusion de [&hellip;]\" \/>\n<meta property=\"og:url\" content=\"https:\/\/www.sanpool.ch\/fr\/mentions-legales\/\" \/>\n<meta property=\"og:site_name\" content=\"SanPool\" \/>\n<meta property=\"article:modified_time\" content=\"2020-10-26T18:53:56+00:00\" \/>\n<meta name=\"twitter:card\" content=\"summary_large_image\" \/>\n<meta name=\"twitter:label1\" content=\"Dur\u00e9e de lecture estim\u00e9e\" \/>\n\t<meta name=\"twitter:data1\" content=\"4 minutes\" \/>\n<script type=\"application\/ld+json\" class=\"yoast-schema-graph\">{\"@context\":\"https:\\\/\\\/schema.org\",\"@graph\":[{\"@type\":\"WebPage\",\"@id\":\"https:\\\/\\\/www.sanpool.ch\\\/fr\\\/mentions-legales\\\/\",\"url\":\"https:\\\/\\\/www.sanpool.ch\\\/fr\\\/mentions-legales\\\/\",\"name\":\"Mentions l\u00e9gales - SanPool\",\"isPartOf\":{\"@id\":\"https:\\\/\\\/www.sanpool.ch\\\/fr\\\/#website\"},\"datePublished\":\"2020-09-06T18:51:38+00:00\",\"dateModified\":\"2020-10-26T18:53:56+00:00\",\"breadcrumb\":{\"@id\":\"https:\\\/\\\/www.sanpool.ch\\\/fr\\\/mentions-legales\\\/#breadcrumb\"},\"inLanguage\":\"fr-FR\",\"potentialAction\":[{\"@type\":\"ReadAction\",\"target\":[\"https:\\\/\\\/www.sanpool.ch\\\/fr\\\/mentions-legales\\\/\"]}]},{\"@type\":\"BreadcrumbList\",\"@id\":\"https:\\\/\\\/www.sanpool.ch\\\/fr\\\/mentions-legales\\\/#breadcrumb\",\"itemListElement\":[{\"@type\":\"ListItem\",\"position\":1,\"name\":\"Startseite\",\"item\":\"https:\\\/\\\/www.sanpool.ch\\\/fr\\\/\"},{\"@type\":\"ListItem\",\"position\":2,\"name\":\"Mentions l\u00e9gales\"}]},{\"@type\":\"WebSite\",\"@id\":\"https:\\\/\\\/www.sanpool.ch\\\/fr\\\/#website\",\"url\":\"https:\\\/\\\/www.sanpool.ch\\\/fr\\\/\",\"name\":\"SanPool\",\"description\":\"Schule f\u00fcr Gesundheit\",\"potentialAction\":[{\"@type\":\"SearchAction\",\"target\":{\"@type\":\"EntryPoint\",\"urlTemplate\":\"https:\\\/\\\/www.sanpool.ch\\\/fr\\\/?s={search_term_string}\"},\"query-input\":{\"@type\":\"PropertyValueSpecification\",\"valueRequired\":true,\"valueName\":\"search_term_string\"}}],\"inLanguage\":\"fr-FR\"}]}<\/script>\n<!-- \/ Yoast SEO plugin. -->","yoast_head_json":{"title":"Mentions l\u00e9gales - SanPool","robots":{"index":"index","follow":"follow","max-snippet":"max-snippet:-1","max-image-preview":"max-image-preview:large","max-video-preview":"max-video-preview:-1"},"canonical":"https:\/\/www.sanpool.ch\/fr\/mentions-legales\/","og_locale":"fr_FR","og_type":"article","og_title":"Mentions l\u00e9gales - SanPool","og_description":"Adresse de contact SanPool &#8211; \u00c9cole de la sant\u00e9Hochbergerstrasse 70CH-4057 Basel T\u00e9l\u00e9phone: +41 (0)61 602 06 06Mail: info@sanpool.ch Personnes ayant droit de repr\u00e9sentation Daniel Uebersax, Didier Gonzalez Inscription au registre du commerce Forme juridique: associationNom de l\u2019association : SanPool &#8211; \u00c9cole de sant\u00e9Num\u00e9ro du registre du commerce: CH-270.6.000.555-8Office du registre du commerce: B\u00e2le-Ville Exclusion de [&hellip;]","og_url":"https:\/\/www.sanpool.ch\/fr\/mentions-legales\/","og_site_name":"SanPool","article_modified_time":"2020-10-26T18:53:56+00:00","twitter_card":"summary_large_image","twitter_misc":{"Dur\u00e9e de lecture estim\u00e9e":"4 minutes"},"schema":{"@context":"https:\/\/schema.org","@graph":[{"@type":"WebPage","@id":"https:\/\/www.sanpool.ch\/fr\/mentions-legales\/","url":"https:\/\/www.sanpool.ch\/fr\/mentions-legales\/","name":"Mentions l\u00e9gales - SanPool","isPartOf":{"@id":"https:\/\/www.sanpool.ch\/fr\/#website"},"datePublished":"2020-09-06T18:51:38+00:00","dateModified":"2020-10-26T18:53:56+00:00","breadcrumb":{"@id":"https:\/\/www.sanpool.ch\/fr\/mentions-legales\/#breadcrumb"},"inLanguage":"fr-FR","potentialAction":[{"@type":"ReadAction","target":["https:\/\/www.sanpool.ch\/fr\/mentions-legales\/"]}]},{"@type":"BreadcrumbList","@id":"https:\/\/www.sanpool.ch\/fr\/mentions-legales\/#breadcrumb","itemListElement":[{"@type":"ListItem","position":1,"name":"Startseite","item":"https:\/\/www.sanpool.ch\/fr\/"},{"@type":"ListItem","position":2,"name":"Mentions l\u00e9gales"}]},{"@type":"WebSite","@id":"https:\/\/www.sanpool.ch\/fr\/#website","url":"https:\/\/www.sanpool.ch\/fr\/","name":"SanPool","description":"Schule f\u00fcr Gesundheit","potentialAction":[{"@type":"SearchAction","target":{"@type":"EntryPoint","urlTemplate":"https:\/\/www.sanpool.ch\/fr\/?s={search_term_string}"},"query-input":{"@type":"PropertyValueSpecification","valueRequired":true,"valueName":"search_term_string"}}],"inLanguage":"fr-FR"}]}},"jetpack_sharing_enabled":true,"_links":{"self":[{"href":"https:\/\/www.sanpool.ch\/fr\/wp-json\/wp\/v2\/pages\/932","targetHints":{"allow":["GET"]}}],"collection":[{"href":"https:\/\/www.sanpool.ch\/fr\/wp-json\/wp\/v2\/pages"}],"about":[{"href":"https:\/\/www.sanpool.ch\/fr\/wp-json\/wp\/v2\/types\/page"}],"author":[{"embeddable":true,"href":"https:\/\/www.sanpool.ch\/fr\/wp-json\/wp\/v2\/users\/2"}],"replies":[{"embeddable":true,"href":"https:\/\/www.sanpool.ch\/fr\/wp-json\/wp\/v2\/comments?post=932"}],"version-history":[{"count":11,"href":"https:\/\/www.sanpool.ch\/fr\/wp-json\/wp\/v2\/pages\/932\/revisions"}],"predecessor-version":[{"id":1905,"href":"https:\/\/www.sanpool.ch\/fr\/wp-json\/wp\/v2\/pages\/932\/revisions\/1905"}],"wp:attachment":[{"href":"https:\/\/www.sanpool.ch\/fr\/wp-json\/wp\/v2\/media?parent=932"}],"curies":[{"name":"wp","href":"https:\/\/api.w.org\/{rel}","templated":true}]}}