{"id":1955,"date":"2020-10-26T20:01:49","date_gmt":"2020-10-26T19:01:49","guid":{"rendered":"https:\/\/next.sanpool.ch\/posizione\/"},"modified":"2021-11-16T22:34:28","modified_gmt":"2021-11-16T21:34:28","slug":"ubicazione","status":"publish","type":"page","link":"https:\/\/www.sanpool.ch\/it\/ubicazione\/","title":{"rendered":"Posizione"},"content":{"rendered":"<\/div><\/div><\/div><div>\n<div class=\"wp-block-cover alignfull has-background-dim-40 has-background-dim has-parallax has-custom-content-position is-position-bottom-center\" style=\"background-image:url(https:\/\/www.sanpool.ch\/wp-content\/uploads\/2020\/10\/155022266.jpg);min-height:600px;aspect-ratio:unset;\"><div class=\"wp-block-cover__inner-container is-layout-flow wp-block-cover-is-layout-flow\">\n<p class=\"has-text-align-center\" style=\"font-size:80px\">Come arrivare<\/p>\n<\/div><\/div>\n<\/div><div class=\"container\"><div class=\"row\"><div class=\"col-12\">\n<div style=\"height:50px\" aria-hidden=\"true\" class=\"wp-block-spacer\"><\/div>\n<div id=\"faq-block_5f7ce2e513bbd\" class=\"faq\">\n\t<div class=\"accordion sanpool-accordion\" id=\"faq-accordeon-faq-block_5f7ce2e513bbd\">\t<div class=\"card\">\n\t\t<div class=\"card-header\" id=\"heading-1\">\n\t\t\t<h2 class=\"mb-0 text-white\" data-toggle=\"collapse\" data-target=\"#collapse-1\" aria-expanded=\"false\" aria-controls=\"collapse-1\">\n\t\t\t\tAusbildungszentrum Basel\t\t\t\t<span class=\"icon float-right\">\n\t\t\t\t\t<i style=\"display: block;\" class=\"far fa-angle-down fa-1x iconclosed\"><\/i>\n\t\t\t\t\t<i style=\"display: none;\" class=\"far fa-times fa-1x iconopened\"><\/i>\n\t\t\t\t<\/span>\n\t\t\t<\/h2>\n\t\t<\/div>\n\t\t<div id=\"collapse-1\" class=\"collapse faq\" aria-labelledby=\"heading-1\" data-parent=\"#faq-accordeon-faq-block_5f7ce2e513bbd\">\n\t\t\t<div class=\"card-body\">\n\t\t\t\t<h2>Mit dem Auto<\/h2>\n<p>Navigationsger\u00e4t:\u00a0 Badenstrasse 5 in Basel<\/p>\n<ul>\n<li>Autobahnausfahrt Basel-Kleinh\u00fcningen \/ Weil am Rhein \/ Richtung St\u00fccki<\/li>\n<li>Kreisverkehr: Nach rechts (1. Ausfahrt) in die Badenstrasse einbiegen.<\/li>\n<li>100 Meter folgen und die Tiefgarageneinfahrt vom St\u00fccki Park auf der linken Seite benutzen.<\/li>\n<\/ul>\n<p><a class=\"external-link\" href=\"https:\/\/www.google.ch\/maps\/place\/St%C3%BCcki\/@47.5804248,7.5960552,15z\/data=!4m2!3m1!1s0x0:0xce1c217743b18679?sa=X&amp;ved=0ahUKEwi3847mi7nZAhWCKewKHdAgArUQ_BIIpAEwCg\" target=\"_blank\" rel=\"noopener\">Google Maps<\/a><\/p>\n<p>&nbsp;<\/p>\n<h2 class=\"quote-small-margin\">Parking<\/h2>\n<p>Die Parkpl\u00e4tze in der Umgebung sind beschr\u00e4nkt. Wir empfehlen Ihnen das Parking im St\u00fccki. Die Parkpl\u00e4tze sind geb\u00fchrenpflichtig. Sie k\u00f6nnen auch Tageskarten (CHF 15,-) bei der SanPool beziehen.<\/p>\n<p><a href=\"https:\/\/stueckipark.ch\/de\/kontakt\">weitere Infos zum Parking<\/a><\/p>\n<p>&nbsp;<\/p>\n<p>&nbsp;<\/p>\n<h2>\u00d6ffentlicher Verkehr<\/h2>\n<p>&nbsp;<\/p>\n<h5><strong>Buslinien 36 und\u00a046<\/strong><\/h5>\n<p>Der Bus 36 und 46 der Basler Verkehrsbetriebe (BVB) f\u00e4hrt f\u00fcr Sie ab Basel Badischer Bahnhof (alle 7,5 Minuten). Fahrtrichtung: \u00abKleinh\u00fcningen\u00bb. Busstation: \u00abSt\u00fccki\u00bb und \u00abHochbergstrasse\u00bb 1 &#8211; 2 Gehminuten zum St\u00fccki Park.<\/p>\n<h5><strong>Tramlinien 8 und 17<\/strong><\/h5>\n<p>Schnell in den St\u00fccki Park mit den Basler Verkehrsbetrieben (BVB) Tram 8 sowie 17. Verbindungen ab Bahnhof Basel SBB und Basel City, Tramstation: \u00abKleinh\u00fcningen\u00bb der Tramlinie 8 in 4 Gehminuten und \u00abWiesenplatz\u00bb der Tramlinie 17 in 6 Gehminuten.<\/p>\n<p><a class=\"external-link\" href=\"http:\/\/www.bvb.ch\/fahrplan-netz\/online-fahrplan\" target=\"_blank\" rel=\"noopener\">Online-Fahrplan<\/a><\/p>\n\t\t\t<\/div>\n\t\t<\/div>\n\t<\/div>\n\t<div class=\"clearfix\"><\/div>\n\t\t<div class=\"card\">\n\t\t<div class=\"card-header\" id=\"heading-2\">\n\t\t\t<h2 class=\"mb-0 text-white\" data-toggle=\"collapse\" data-target=\"#collapse-2\" aria-expanded=\"false\" aria-controls=\"collapse-2\">\n\t\t\t\tAusbildungszentrum Lausanne\t\t\t\t<span class=\"icon float-right\">\n\t\t\t\t\t<i style=\"display: block;\" class=\"far fa-angle-down fa-1x iconclosed\"><\/i>\n\t\t\t\t\t<i style=\"display: none;\" class=\"far fa-times fa-1x iconopened\"><\/i>\n\t\t\t\t<\/span>\n\t\t\t<\/h2>\n\t\t<\/div>\n\t\t<div id=\"collapse-2\" class=\"collapse faq\" aria-labelledby=\"heading-2\" data-parent=\"#faq-accordeon-faq-block_5f7ce2e513bbd\">\n\t\t\t<div class=\"card-body\">\n\t\t\t\t<h2>Mit dem Auto<\/h2>\n<p>GPS f\u00fcr das n\u00e4chstgelegene Parkhaus: Parking de la Riponne Lausanne.<\/p>\n<ul>\n<li>Autobahnausfahrt Lausanne Bl\u00e9cherette -&gt; Fahren Sie in Richtung Lausanne.<\/li>\n<li>An der gro\u00dfen Kreuzung 100m nach dem Stadion (das sich auf Ihrer rechten Seite befindet) biegen Sie links ab.<\/li>\n<li>Nach 700m fahren Sie am Parkplatz des Velodroms* vorbei.<\/li>\n<li>Folgen Sie dann dem Zentrum, bis Sie an der Kreuzung mit dem Place du Tunnel (drei Spuren) ankommen und biegen Sie rechts ab.<\/li>\n<li>Die Einfahrt zum Parkplatz befindet sich 200 m weiter.<\/li>\n<li>Wenn Sie das Parkhaus verlassen (auf der Seite des Kiosks), gehen Sie in Richtung der Sun Store Apotheke.<br \/>\nGehen Sie dann die Rue Haldimand hinunter, bis Sie zu einem McDonald&#8217;s kommen. Der Eingang befindet sich links<br \/>\nvon Starbuck.<\/li>\n<\/ul>\n<p><a href=\"https:\/\/www.google.ch\/maps\/place\/Rue+Saint-Laurent+19,+1003+Lausanne,+Schweiz\/@46.5225163,6.6279795,17z\/data=!3m1!4b1!4m5!3m4!1s0x478c2e2e03865071:0x7d2a57bf781c5c3c!8m2!3d46.5225126!4d6.6301735\">Google Maps<\/a><\/p>\n<p>Sie haben auch die M\u00f6glichkeit, auf dem Parkplatz des V\u00e9lodrome P+R zu parken ( links von der Bushaltestelle ).<br \/>\nkostet 8.- pro Tag. Sie k\u00f6nnen auch den Bus Nr. 1 nehmen, um zum Unterrichtsraum zu gelangen.<\/p>\n<h2>\u00d6ffentlicher Verkehr<\/h2>\n<p>Vom Bahnhof: Nehmen Sie die Metro M2 bis zur Haltestelle Riponne M. B\u00e9jart.<br \/>\nVom Parkplatz des Velodroms: Nehmen Sie den Bus Nr. 1 bis zur Haltestelle Rue Neuve.<\/p>\n<p><a href=\"https:\/\/www.t-l.ch\/\">Online-Fahrplan<\/a><\/p>\n\t\t\t<\/div>\n\t\t<\/div>\n\t<\/div>\n\t<div class=\"clearfix\"><\/div>\n\t<\/div><\/div>\n<div style=\"height:50px\" aria-hidden=\"true\" class=\"wp-block-spacer\"><\/div>\n\n<div style=\"height:20px\" aria-hidden=\"true\" class=\"wp-block-spacer\"><\/div>\n<\/div><\/div><\/div><div><div id=\"google-maps-block_5ec3bcb3fe844\">\n\t<div class=\"container\"><div class=\"row\"><div class=\"col-12\"><ul class=\"list-inline\" id=\"mapMarkersLinks\"><\/ul><\/div><\/div><\/div><div class=\"sanpool-map\" data-zoom=\"17\"><div class=\"marker\" data-locationname=\"Basel\" data-lat=\"47.579952\" data-lng=\"7.5957171\"><p><strong>SanPool Ausbildungszentrum<\/strong><br \/>\nSt\u00fccki, Pavillon C<br \/>\nHochbergerstrasse 70<br \/>\nCH-4057 Basel<\/p>\n<\/div><div class=\"marker\" data-locationname=\"Lausanne\" data-lat=\"46.5352479\" data-lng=\"6.6356143\"><p><strong>SanPool Ausbildungszentrum<\/strong><br \/>\nRoute du Pavement 56<br \/>\nCH-1000 Lausanne<\/p>\n<\/div><\/div><\/div><\/div><div class=\"container\"><div class=\"row\"><div class=\"col-12\">","protected":false},"excerpt":{"rendered":"","protected":false},"author":2,"featured_media":0,"parent":0,"menu_order":0,"comment_status":"closed","ping_status":"closed","template":"","meta":{"_acf_changed":false,"footnotes":""},"class_list":["post-1955","page","type-page","status-publish","hentry"],"acf":[],"yoast_head":"<!-- This site is optimized with the Yoast SEO plugin v27.5 - https:\/\/yoast.com\/product\/yoast-seo-wordpress\/ -->\n<title>Posizione - SanPool<\/title>\n<meta name=\"robots\" content=\"index, follow, max-snippet:-1, max-image-preview:large, max-video-preview:-1\" \/>\n<link rel=\"canonical\" href=\"https:\/\/www.sanpool.ch\/it\/ubicazione\/\" \/>\n<meta property=\"og:locale\" content=\"it_IT\" \/>\n<meta property=\"og:type\" content=\"article\" \/>\n<meta property=\"og:title\" content=\"Posizione - SanPool\" \/>\n<meta property=\"og:url\" content=\"https:\/\/www.sanpool.ch\/it\/ubicazione\/\" \/>\n<meta property=\"og:site_name\" content=\"SanPool\" \/>\n<meta property=\"article:modified_time\" content=\"2021-11-16T21:34:28+00:00\" \/>\n<meta name=\"twitter:card\" content=\"summary_large_image\" \/>\n<script type=\"application\/ld+json\" class=\"yoast-schema-graph\">{\"@context\":\"https:\\\/\\\/schema.org\",\"@graph\":[{\"@type\":\"WebPage\",\"@id\":\"https:\\\/\\\/www.sanpool.ch\\\/it\\\/ubicazione\\\/\",\"url\":\"https:\\\/\\\/www.sanpool.ch\\\/it\\\/ubicazione\\\/\",\"name\":\"Posizione - SanPool\",\"isPartOf\":{\"@id\":\"https:\\\/\\\/www.sanpool.ch\\\/it\\\/#website\"},\"datePublished\":\"2020-10-26T19:01:49+00:00\",\"dateModified\":\"2021-11-16T21:34:28+00:00\",\"breadcrumb\":{\"@id\":\"https:\\\/\\\/www.sanpool.ch\\\/it\\\/ubicazione\\\/#breadcrumb\"},\"inLanguage\":\"it-IT\",\"potentialAction\":[{\"@type\":\"ReadAction\",\"target\":[\"https:\\\/\\\/www.sanpool.ch\\\/it\\\/ubicazione\\\/\"]}]},{\"@type\":\"BreadcrumbList\",\"@id\":\"https:\\\/\\\/www.sanpool.ch\\\/it\\\/ubicazione\\\/#breadcrumb\",\"itemListElement\":[{\"@type\":\"ListItem\",\"position\":1,\"name\":\"Startseite\",\"item\":\"https:\\\/\\\/www.sanpool.ch\\\/it\\\/\"},{\"@type\":\"ListItem\",\"position\":2,\"name\":\"Posizione\"}]},{\"@type\":\"WebSite\",\"@id\":\"https:\\\/\\\/www.sanpool.ch\\\/it\\\/#website\",\"url\":\"https:\\\/\\\/www.sanpool.ch\\\/it\\\/\",\"name\":\"SanPool\",\"description\":\"Schule f\u00fcr Gesundheit\",\"potentialAction\":[{\"@type\":\"SearchAction\",\"target\":{\"@type\":\"EntryPoint\",\"urlTemplate\":\"https:\\\/\\\/www.sanpool.ch\\\/it\\\/?s={search_term_string}\"},\"query-input\":{\"@type\":\"PropertyValueSpecification\",\"valueRequired\":true,\"valueName\":\"search_term_string\"}}],\"inLanguage\":\"it-IT\"}]}<\/script>\n<!-- \/ Yoast SEO plugin. -->","yoast_head_json":{"title":"Posizione - SanPool","robots":{"index":"index","follow":"follow","max-snippet":"max-snippet:-1","max-image-preview":"max-image-preview:large","max-video-preview":"max-video-preview:-1"},"canonical":"https:\/\/www.sanpool.ch\/it\/ubicazione\/","og_locale":"it_IT","og_type":"article","og_title":"Posizione - SanPool","og_url":"https:\/\/www.sanpool.ch\/it\/ubicazione\/","og_site_name":"SanPool","article_modified_time":"2021-11-16T21:34:28+00:00","twitter_card":"summary_large_image","schema":{"@context":"https:\/\/schema.org","@graph":[{"@type":"WebPage","@id":"https:\/\/www.sanpool.ch\/it\/ubicazione\/","url":"https:\/\/www.sanpool.ch\/it\/ubicazione\/","name":"Posizione - SanPool","isPartOf":{"@id":"https:\/\/www.sanpool.ch\/it\/#website"},"datePublished":"2020-10-26T19:01:49+00:00","dateModified":"2021-11-16T21:34:28+00:00","breadcrumb":{"@id":"https:\/\/www.sanpool.ch\/it\/ubicazione\/#breadcrumb"},"inLanguage":"it-IT","potentialAction":[{"@type":"ReadAction","target":["https:\/\/www.sanpool.ch\/it\/ubicazione\/"]}]},{"@type":"BreadcrumbList","@id":"https:\/\/www.sanpool.ch\/it\/ubicazione\/#breadcrumb","itemListElement":[{"@type":"ListItem","position":1,"name":"Startseite","item":"https:\/\/www.sanpool.ch\/it\/"},{"@type":"ListItem","position":2,"name":"Posizione"}]},{"@type":"WebSite","@id":"https:\/\/www.sanpool.ch\/it\/#website","url":"https:\/\/www.sanpool.ch\/it\/","name":"SanPool","description":"Schule f\u00fcr Gesundheit","potentialAction":[{"@type":"SearchAction","target":{"@type":"EntryPoint","urlTemplate":"https:\/\/www.sanpool.ch\/it\/?s={search_term_string}"},"query-input":{"@type":"PropertyValueSpecification","valueRequired":true,"valueName":"search_term_string"}}],"inLanguage":"it-IT"}]}},"jetpack_sharing_enabled":true,"_links":{"self":[{"href":"https:\/\/www.sanpool.ch\/it\/wp-json\/wp\/v2\/pages\/1955","targetHints":{"allow":["GET"]}}],"collection":[{"href":"https:\/\/www.sanpool.ch\/it\/wp-json\/wp\/v2\/pages"}],"about":[{"href":"https:\/\/www.sanpool.ch\/it\/wp-json\/wp\/v2\/types\/page"}],"author":[{"embeddable":true,"href":"https:\/\/www.sanpool.ch\/it\/wp-json\/wp\/v2\/users\/2"}],"replies":[{"embeddable":true,"href":"https:\/\/www.sanpool.ch\/it\/wp-json\/wp\/v2\/comments?post=1955"}],"version-history":[{"count":24,"href":"https:\/\/www.sanpool.ch\/it\/wp-json\/wp\/v2\/pages\/1955\/revisions"}],"predecessor-version":[{"id":3097,"href":"https:\/\/www.sanpool.ch\/it\/wp-json\/wp\/v2\/pages\/1955\/revisions\/3097"}],"wp:attachment":[{"href":"https:\/\/www.sanpool.ch\/it\/wp-json\/wp\/v2\/media?parent=1955"}],"curies":[{"name":"wp","href":"https:\/\/api.w.org\/{rel}","templated":true}]}}