{"id":1961,"date":"2020-10-26T20:02:34","date_gmt":"2020-10-26T19:02:34","guid":{"rendered":"https:\/\/next.sanpool.ch\/certificati\/"},"modified":"2022-09-27T15:43:53","modified_gmt":"2022-09-27T13:43:53","slug":"certificati","status":"publish","type":"page","link":"https:\/\/www.sanpool.ch\/it\/certificati\/","title":{"rendered":"Certificati"},"content":{"rendered":"<\/div><\/div><\/div><div>\n<div class=\"wp-block-cover alignfull is-light has-parallax has-custom-content-position is-position-bottom-center\" style=\"background-image:url(https:\/\/www.sanpool.ch\/wp-content\/uploads\/2020\/11\/95371878.jpg);min-height:600px;aspect-ratio:unset;\"><span aria-hidden=\"true\" class=\"wp-block-cover__background has-background-dim\"><\/span><div class=\"wp-block-cover__inner-container is-layout-flow wp-block-cover-is-layout-flow\">\n<p class=\"has-text-align-center\" style=\"font-size:80px\">Certificati<\/p>\n<\/div><\/div>\n<\/div><div class=\"container\"><div class=\"row\"><div class=\"col-12\">\n\n\n<div style=\"height:50px\" aria-hidden=\"true\" class=\"wp-block-spacer\"><\/div>\n\n\n\n<div style=\"height:50px\" aria-hidden=\"true\" class=\"wp-block-spacer\"><\/div>\n\n\n\n<div class=\"wp-block-media-text is-stacked-on-mobile\" style=\"grid-template-columns:29% auto\"><figure class=\"wp-block-media-text__media\"><img loading=\"lazy\" decoding=\"async\" width=\"1024\" height=\"364\" src=\"https:\/\/www.sanpool.ch\/wp-content\/uploads\/2020\/11\/2000px-EduQua_Logo.svg_-1024x364.png\" alt=\"\" class=\"wp-image-2347 size-full\" srcset=\"https:\/\/www.sanpool.ch\/wp-content\/uploads\/2020\/11\/2000px-EduQua_Logo.svg_-1024x364.png 1024w, https:\/\/www.sanpool.ch\/wp-content\/uploads\/2020\/11\/2000px-EduQua_Logo.svg_-300x107.png 300w, https:\/\/www.sanpool.ch\/wp-content\/uploads\/2020\/11\/2000px-EduQua_Logo.svg_-768x273.png 768w, https:\/\/www.sanpool.ch\/wp-content\/uploads\/2020\/11\/2000px-EduQua_Logo.svg_-1536x546.png 1536w, https:\/\/www.sanpool.ch\/wp-content\/uploads\/2020\/11\/2000px-EduQua_Logo.svg_-350x124.png 350w, https:\/\/www.sanpool.ch\/wp-content\/uploads\/2020\/11\/2000px-EduQua_Logo.svg_-700x249.png 700w, https:\/\/www.sanpool.ch\/wp-content\/uploads\/2020\/11\/2000px-EduQua_Logo.svg_-1920x683.png 1920w, https:\/\/www.sanpool.ch\/wp-content\/uploads\/2020\/11\/2000px-EduQua_Logo.svg_-447x159.png 447w, https:\/\/www.sanpool.ch\/wp-content\/uploads\/2020\/11\/2000px-EduQua_Logo.svg_-894x318.png 894w, https:\/\/www.sanpool.ch\/wp-content\/uploads\/2020\/11\/2000px-EduQua_Logo.svg_.png 2000w\" sizes=\"auto, (max-width: 1024px) 100vw, 1024px\" \/><\/figure><div class=\"wp-block-media-text__content\">\n<p><a href=\"http:\/\/www.eduqua.ch\">EduQua \u00e8 <\/a>il primo marchio svizzero di qualit\u00e0 ad essere adattato ai fornitori di formazione continua. L&#8217;etichetta promuove la trasparenza e la comparabilit\u00e0 della formazione continua per i consumatori e contribuisce a garantire la qualit\u00e0 della formazione continua in Svizzera.<\/p>\n\n\n\n<div class=\"wp-block-file\"><a id=\"wp-block-file--media-16c906a8-7269-4233-a5c2-ffb1f3197e8c\" href=\"https:\/\/www.sanpool.ch\/wp-content\/uploads\/2020\/11\/320436_de_eduQua_20.pdf\" target=\"_blank\" rel=\"noreferrer noopener\">Certificato eduQua SanPool-2020<\/a><\/div>\n<\/div><\/div>\n\n\n\n<div style=\"height:50px\" aria-hidden=\"true\" class=\"wp-block-spacer\"><\/div>\n\n\n\n<div class=\"wp-block-media-text is-stacked-on-mobile\" style=\"grid-template-columns:29% auto\"><figure class=\"wp-block-media-text__media\"><img loading=\"lazy\" decoding=\"async\" width=\"300\" height=\"153\" src=\"https:\/\/www.sanpool.ch\/wp-content\/uploads\/2020\/11\/ASTRA_Logo2.png\" alt=\"\" class=\"wp-image-2491 size-full\"\/><\/figure><div class=\"wp-block-media-text__content\">\n<p>Le organizzazioni che desiderano svolgere corsi di emergenza devono essere riconosciute dall&#8217;<a href=\"https:\/\/www.astra.admin.ch\/astra\/de\/home\/themen\/fuehrerausweis-ausbildung\/nothilfekurs.html\" target=\"_blank\" rel=\"noreferrer noopener\">Ufficio federale delle strade (USTRA)<\/a>. L&#8217;ASTRA concede il riconoscimento solo alle organizzazioni che hanno un certificato valido, naturalmente, dall&#8217;organismo di certificazione Soci\u00e9t\u00e9 G\u00e9n\u00e9rale de Surveillance SA (SGS).<\/p>\n\n\n\n<div class=\"wp-block-file\"><a id=\"wp-block-file--media-21e9c043-cef6-4d1f-b238-fba7bbd469cc\" href=\"https:\/\/www.sanpool.ch\/wp-content\/uploads\/2020\/10\/Verfu\u0308gung-ASTRA-SanPool.pdf\" target=\"_blank\" rel=\"noreferrer noopener\">Disponibile-ASTRA-SanPool-2006<\/a><\/div>\n<\/div><\/div>\n\n\n\n<div style=\"height:50px\" aria-hidden=\"true\" class=\"wp-block-spacer\"><\/div>\n\n\n\n<div class=\"wp-block-media-text is-stacked-on-mobile\" style=\"grid-template-columns:29% auto\"><figure class=\"wp-block-media-text__media\"><img loading=\"lazy\" decoding=\"async\" width=\"1024\" height=\"504\" src=\"https:\/\/www.sanpool.ch\/wp-content\/uploads\/2020\/05\/SGS_Logo-1024x504.png\" alt=\"\" class=\"wp-image-655 size-full\" srcset=\"https:\/\/www.sanpool.ch\/wp-content\/uploads\/2020\/05\/SGS_Logo-1024x504.png 1024w, https:\/\/www.sanpool.ch\/wp-content\/uploads\/2020\/05\/SGS_Logo-300x148.png 300w, https:\/\/www.sanpool.ch\/wp-content\/uploads\/2020\/05\/SGS_Logo-768x378.png 768w, https:\/\/www.sanpool.ch\/wp-content\/uploads\/2020\/05\/SGS_Logo-1536x756.png 1536w, https:\/\/www.sanpool.ch\/wp-content\/uploads\/2020\/05\/SGS_Logo-350x172.png 350w, https:\/\/www.sanpool.ch\/wp-content\/uploads\/2020\/05\/SGS_Logo-700x344.png 700w, https:\/\/www.sanpool.ch\/wp-content\/uploads\/2020\/05\/SGS_Logo-1920x945.png 1920w, https:\/\/www.sanpool.ch\/wp-content\/uploads\/2020\/05\/SGS_Logo-447x220.png 447w, https:\/\/www.sanpool.ch\/wp-content\/uploads\/2020\/05\/SGS_Logo-894x440.png 894w, https:\/\/www.sanpool.ch\/wp-content\/uploads\/2020\/05\/SGS_Logo.png 2000w\" sizes=\"auto, (max-width: 1024px) 100vw, 1024px\" \/><\/figure><div class=\"wp-block-media-text__content\">\n<p><a href=\"http:\/\/www.sgs.ch\">L&#8217;organismo di certificazione Soci\u00e9t\u00e9 G\u00e9n\u00e9rale<\/a> <a href=\"http:\/\/www.sgs.ch\" target=\"_blank\" rel=\"noreferrer noopener\">de <\/a>Surveillance <a href=\"http:\/\/www.sgs.ch\">SA (SGS)<\/a> certifica i formatori di formazione e soccorso per conto dell&#8217;Ufficio federale delle strade (ASTRA) e in collaborazione con la Commissione svizzera per il soccorso medico (SMEDREC).<\/p>\n\n\n\n<div class=\"wp-block-file\"><a id=\"wp-block-file--media-3a82ac5d-e8ad-4252-abd9-b80a165bb1a0\" href=\"https:\/\/www.sanpool.ch\/wp-content\/uploads\/2022\/09\/SGS-Zertifikat-2022-1.pdf\" target=\"_blank\" rel=\"noreferrer noopener\">Certificato SGS SanPool 2022<\/a><\/div>\n<\/div><\/div>\n\n\n\n<div style=\"height:50px\" aria-hidden=\"true\" class=\"wp-block-spacer\"><\/div>\n\n\n\n<div class=\"wp-block-media-text is-stacked-on-mobile\" style=\"grid-template-columns:29% auto\"><figure class=\"wp-block-media-text__media\"><img loading=\"lazy\" decoding=\"async\" width=\"719\" height=\"469\" src=\"https:\/\/www.sanpool.ch\/wp-content\/uploads\/2020\/11\/SRC_logo2-e1605140042450.png\" alt=\"\" class=\"wp-image-2496 size-full\" srcset=\"https:\/\/www.sanpool.ch\/wp-content\/uploads\/2020\/11\/SRC_logo2-e1605140042450.png 719w, https:\/\/www.sanpool.ch\/wp-content\/uploads\/2020\/11\/SRC_logo2-e1605140042450-300x196.png 300w, https:\/\/www.sanpool.ch\/wp-content\/uploads\/2020\/11\/SRC_logo2-e1605140042450-350x228.png 350w, https:\/\/www.sanpool.ch\/wp-content\/uploads\/2020\/11\/SRC_logo2-e1605140042450-700x457.png 700w, https:\/\/www.sanpool.ch\/wp-content\/uploads\/2020\/11\/SRC_logo2-e1605140042450-447x292.png 447w\" sizes=\"auto, (max-width: 719px) 100vw, 719px\" \/><\/figure><div class=\"wp-block-media-text__content\">\n<div class=\"wp-block-group\"><div class=\"wp-block-group__inner-container is-layout-flow wp-block-group-is-layout-flow\">\n<p>Il <a href=\"http:\/\/resuscitation.ch\" target=\"_blank\" rel=\"noreferrer noopener\">Consiglio svizzero di rianimazione (SRC)<\/a> \u00e8 stato fondato nel 2000 ed \u00e8 una societ\u00e0 indipendente basata su conoscenze e metodi scientifici riconosciuti.<\/p>\n\n\n\n<p>Il sigillo di approvazione SRC &#8220;testato secondo le linee guida 2021&#8221; afferma che il contenuto del corso \u00e8 conforme all&#8217;ultimo consenso internazionale per la rianimazione, il cosiddetto ilcor Consensus on science con raccomandazione di trattamento 2021 CoSTR, nonch\u00e9 le linee guida del corso SRC. L&#8217;SRC concede al fornitore del corso un sigillo di approvazione per i corsi certificati.<\/p>\n<\/div><\/div>\n\n\n\n<div class=\"wp-block-file\"><a id=\"wp-block-file--media-9774f100-455a-4152-ab1c-3accc6549599\" href=\"https:\/\/www.sanpool.ch\/wp-content\/uploads\/2021\/11\/SRC-2021-Guetesiegel-1.pdf\" target=\"_blank\" rel=\"noreferrer noopener\">SRC-2021-Guetesiegel<\/a><\/div>\n<\/div><\/div>\n\n\n\n<div style=\"height:100px\" aria-hidden=\"true\" class=\"wp-block-spacer\"><\/div>\n","protected":false},"excerpt":{"rendered":"","protected":false},"author":2,"featured_media":0,"parent":0,"menu_order":0,"comment_status":"closed","ping_status":"closed","template":"","meta":{"_acf_changed":false,"footnotes":""},"class_list":["post-1961","page","type-page","status-publish","hentry"],"acf":[],"yoast_head":"<!-- This site is optimized with the Yoast SEO plugin v27.4 - https:\/\/yoast.com\/product\/yoast-seo-wordpress\/ -->\n<title>Certificati - SanPool<\/title>\n<meta name=\"robots\" content=\"index, follow, max-snippet:-1, max-image-preview:large, max-video-preview:-1\" \/>\n<link rel=\"canonical\" href=\"https:\/\/www.sanpool.ch\/it\/certificati\/\" \/>\n<meta property=\"og:locale\" content=\"it_IT\" \/>\n<meta property=\"og:type\" content=\"article\" \/>\n<meta property=\"og:title\" content=\"Certificati - SanPool\" \/>\n<meta property=\"og:url\" content=\"https:\/\/www.sanpool.ch\/it\/certificati\/\" \/>\n<meta property=\"og:site_name\" content=\"SanPool\" \/>\n<meta property=\"article:modified_time\" content=\"2022-09-27T13:43:53+00:00\" \/>\n<meta property=\"og:image\" content=\"https:\/\/www.sanpool.ch\/wp-content\/uploads\/2020\/11\/2000px-EduQua_Logo.svg_-1024x364.png\" \/>\n<meta name=\"twitter:card\" content=\"summary_large_image\" \/>\n<meta name=\"twitter:label1\" content=\"Tempo di lettura stimato\" \/>\n\t<meta name=\"twitter:data1\" content=\"2 minuti\" \/>\n<script type=\"application\/ld+json\" class=\"yoast-schema-graph\">{\"@context\":\"https:\\\/\\\/schema.org\",\"@graph\":[{\"@type\":\"WebPage\",\"@id\":\"https:\\\/\\\/www.sanpool.ch\\\/it\\\/certificati\\\/\",\"url\":\"https:\\\/\\\/www.sanpool.ch\\\/it\\\/certificati\\\/\",\"name\":\"Certificati - SanPool\",\"isPartOf\":{\"@id\":\"https:\\\/\\\/www.sanpool.ch\\\/it\\\/#website\"},\"primaryImageOfPage\":{\"@id\":\"https:\\\/\\\/www.sanpool.ch\\\/it\\\/certificati\\\/#primaryimage\"},\"image\":{\"@id\":\"https:\\\/\\\/www.sanpool.ch\\\/it\\\/certificati\\\/#primaryimage\"},\"thumbnailUrl\":\"https:\\\/\\\/www.sanpool.ch\\\/wp-content\\\/uploads\\\/2020\\\/11\\\/2000px-EduQua_Logo.svg_-1024x364.png\",\"datePublished\":\"2020-10-26T19:02:34+00:00\",\"dateModified\":\"2022-09-27T13:43:53+00:00\",\"breadcrumb\":{\"@id\":\"https:\\\/\\\/www.sanpool.ch\\\/it\\\/certificati\\\/#breadcrumb\"},\"inLanguage\":\"it-IT\",\"potentialAction\":[{\"@type\":\"ReadAction\",\"target\":[\"https:\\\/\\\/www.sanpool.ch\\\/it\\\/certificati\\\/\"]}]},{\"@type\":\"ImageObject\",\"inLanguage\":\"it-IT\",\"@id\":\"https:\\\/\\\/www.sanpool.ch\\\/it\\\/certificati\\\/#primaryimage\",\"url\":\"https:\\\/\\\/www.sanpool.ch\\\/wp-content\\\/uploads\\\/2020\\\/11\\\/2000px-EduQua_Logo.svg_-1024x364.png\",\"contentUrl\":\"https:\\\/\\\/www.sanpool.ch\\\/wp-content\\\/uploads\\\/2020\\\/11\\\/2000px-EduQua_Logo.svg_-1024x364.png\"},{\"@type\":\"BreadcrumbList\",\"@id\":\"https:\\\/\\\/www.sanpool.ch\\\/it\\\/certificati\\\/#breadcrumb\",\"itemListElement\":[{\"@type\":\"ListItem\",\"position\":1,\"name\":\"Startseite\",\"item\":\"https:\\\/\\\/www.sanpool.ch\\\/it\\\/\"},{\"@type\":\"ListItem\",\"position\":2,\"name\":\"Certificati\"}]},{\"@type\":\"WebSite\",\"@id\":\"https:\\\/\\\/www.sanpool.ch\\\/it\\\/#website\",\"url\":\"https:\\\/\\\/www.sanpool.ch\\\/it\\\/\",\"name\":\"SanPool\",\"description\":\"Schule f\u00fcr Gesundheit\",\"potentialAction\":[{\"@type\":\"SearchAction\",\"target\":{\"@type\":\"EntryPoint\",\"urlTemplate\":\"https:\\\/\\\/www.sanpool.ch\\\/it\\\/?s={search_term_string}\"},\"query-input\":{\"@type\":\"PropertyValueSpecification\",\"valueRequired\":true,\"valueName\":\"search_term_string\"}}],\"inLanguage\":\"it-IT\"}]}<\/script>\n<!-- \/ Yoast SEO plugin. -->","yoast_head_json":{"title":"Certificati - SanPool","robots":{"index":"index","follow":"follow","max-snippet":"max-snippet:-1","max-image-preview":"max-image-preview:large","max-video-preview":"max-video-preview:-1"},"canonical":"https:\/\/www.sanpool.ch\/it\/certificati\/","og_locale":"it_IT","og_type":"article","og_title":"Certificati - SanPool","og_url":"https:\/\/www.sanpool.ch\/it\/certificati\/","og_site_name":"SanPool","article_modified_time":"2022-09-27T13:43:53+00:00","og_image":[{"url":"https:\/\/www.sanpool.ch\/wp-content\/uploads\/2020\/11\/2000px-EduQua_Logo.svg_-1024x364.png","type":"","width":"","height":""}],"twitter_card":"summary_large_image","twitter_misc":{"Tempo di lettura stimato":"2 minuti"},"schema":{"@context":"https:\/\/schema.org","@graph":[{"@type":"WebPage","@id":"https:\/\/www.sanpool.ch\/it\/certificati\/","url":"https:\/\/www.sanpool.ch\/it\/certificati\/","name":"Certificati - SanPool","isPartOf":{"@id":"https:\/\/www.sanpool.ch\/it\/#website"},"primaryImageOfPage":{"@id":"https:\/\/www.sanpool.ch\/it\/certificati\/#primaryimage"},"image":{"@id":"https:\/\/www.sanpool.ch\/it\/certificati\/#primaryimage"},"thumbnailUrl":"https:\/\/www.sanpool.ch\/wp-content\/uploads\/2020\/11\/2000px-EduQua_Logo.svg_-1024x364.png","datePublished":"2020-10-26T19:02:34+00:00","dateModified":"2022-09-27T13:43:53+00:00","breadcrumb":{"@id":"https:\/\/www.sanpool.ch\/it\/certificati\/#breadcrumb"},"inLanguage":"it-IT","potentialAction":[{"@type":"ReadAction","target":["https:\/\/www.sanpool.ch\/it\/certificati\/"]}]},{"@type":"ImageObject","inLanguage":"it-IT","@id":"https:\/\/www.sanpool.ch\/it\/certificati\/#primaryimage","url":"https:\/\/www.sanpool.ch\/wp-content\/uploads\/2020\/11\/2000px-EduQua_Logo.svg_-1024x364.png","contentUrl":"https:\/\/www.sanpool.ch\/wp-content\/uploads\/2020\/11\/2000px-EduQua_Logo.svg_-1024x364.png"},{"@type":"BreadcrumbList","@id":"https:\/\/www.sanpool.ch\/it\/certificati\/#breadcrumb","itemListElement":[{"@type":"ListItem","position":1,"name":"Startseite","item":"https:\/\/www.sanpool.ch\/it\/"},{"@type":"ListItem","position":2,"name":"Certificati"}]},{"@type":"WebSite","@id":"https:\/\/www.sanpool.ch\/it\/#website","url":"https:\/\/www.sanpool.ch\/it\/","name":"SanPool","description":"Schule f\u00fcr Gesundheit","potentialAction":[{"@type":"SearchAction","target":{"@type":"EntryPoint","urlTemplate":"https:\/\/www.sanpool.ch\/it\/?s={search_term_string}"},"query-input":{"@type":"PropertyValueSpecification","valueRequired":true,"valueName":"search_term_string"}}],"inLanguage":"it-IT"}]}},"jetpack_sharing_enabled":true,"_links":{"self":[{"href":"https:\/\/www.sanpool.ch\/it\/wp-json\/wp\/v2\/pages\/1961","targetHints":{"allow":["GET"]}}],"collection":[{"href":"https:\/\/www.sanpool.ch\/it\/wp-json\/wp\/v2\/pages"}],"about":[{"href":"https:\/\/www.sanpool.ch\/it\/wp-json\/wp\/v2\/types\/page"}],"author":[{"embeddable":true,"href":"https:\/\/www.sanpool.ch\/it\/wp-json\/wp\/v2\/users\/2"}],"replies":[{"embeddable":true,"href":"https:\/\/www.sanpool.ch\/it\/wp-json\/wp\/v2\/comments?post=1961"}],"version-history":[{"count":18,"href":"https:\/\/www.sanpool.ch\/it\/wp-json\/wp\/v2\/pages\/1961\/revisions"}],"predecessor-version":[{"id":3404,"href":"https:\/\/www.sanpool.ch\/it\/wp-json\/wp\/v2\/pages\/1961\/revisions\/3404"}],"wp:attachment":[{"href":"https:\/\/www.sanpool.ch\/it\/wp-json\/wp\/v2\/media?parent=1961"}],"curies":[{"name":"wp","href":"https:\/\/api.w.org\/{rel}","templated":true}]}}