{"id":938,"date":"2020-09-06T20:58:00","date_gmt":"2020-09-06T18:58:00","guid":{"rendered":"https:\/\/next.sanpool.ch\/?page_id=938"},"modified":"2020-10-26T19:54:24","modified_gmt":"2020-10-26T18:54:24","slug":"impronta","status":"publish","type":"page","link":"https:\/\/www.sanpool.ch\/it\/impronta\/","title":{"rendered":"Impronta"},"content":{"rendered":"\n<h2 class=\"h3 wp-block-heading\">Contattare<\/h2>\n\n<p>SanPool &#8211; Schule f\u00fcr Gesundheit<br\/>Hochbergerstrasse 70<br\/>CH-4057 Basilea<\/p>\n\n<p>Numero di telefono: 41 (0)61 602 06 06<br\/>Posta: <a href=\"mailto:info@sanpool.ch\">info@sanpool.ch<\/a><\/p>\n\n<h2 class=\"wp-block-heading\">Persone aventi diritto a rappresentare<\/h2>\n\n<p>Daniel Uebersax<\/p>\n\n<h2 class=\"h3 wp-block-heading\">Voce del registro commerciale<\/h2>\n\n<p>Forma giuridica: Associazione<br\/>Nome dell&#8217;associazione registrata: SanPool &#8211; Scuola di Salute<br\/>Numero di registro commerciale: CH-270.6.000.555-8<br\/>Ufficio del registro commerciale: Basilea-Stadt<\/p>\n\n<h2 class=\"h3 wp-block-heading\">Disclaimer<\/h2>\n\n<p>L&#8217;autore non si assume alcuna responsabilit\u00e0 per quanto riguarda il contenuto  \nprecisione, tempestivit\u00e0, affidabilit\u00e0 e  \nCompletezza delle informazioni.<\/p>\n\n<p>I reclami di responsabilit\u00e0 nei confronti del  \nautore per danni materiali o immateriali derivanti dal  \nl&#8217;accesso o l&#8217;uso o il mancato uso del  \ninformazioni, uso improprio della connessione o  \nsono esclusi.<\/p>\n\n<p>Tutte le offerte  \nnon sono vincolanti. L&#8217;autore si riserva espressamente il diritto di utilizzare parti\n  pagine o l&#8217;intera offerta senza preavviso.  \nmodificare, integrare, eliminare o pubblicare temporaneamente  \no di cessare per sempre.<\/p>\n\n<h2 class=\"h3 wp-block-heading\">Responsabilit\u00e0 per i link<\/h2>\n\n<p>I riferimenti e i link a siti web di terze parti sono al di fuori della nostra area di responsabilit\u00e0. Qualsiasi responsabilit\u00e0 per tali siti web \u00e8 negata. L&#8217;accesso e l&#8217;uso di tali siti web sono a rischio dell&#8217;utente.<\/p>\n\n<h2 class=\"h3 wp-block-heading\">Copyright<\/h2>\n\n<p>Il copyright e tutti gli altri diritti su contenuti, immagini, foto o altri file sul sito web appartengono esclusivamente a SanPool o ai titolari di diritti specificamente denominati. Per la riproduzione di qualsiasi elemento, il consenso scritto dei titolari del diritto d&#8217;autore deve essere ottenuto in anticipo.<\/p>\n\n<h2 class=\"wp-block-heading\">Privacy<\/h2>\n\n<p>Sulla base dell&#8217;articolo 13 della Costituzione federale svizzera e delle norme sulla protezione dei dati della Repubblica federale di Germania (Data Protection Act, DSG), ogni persona ha diritto alla protezione della propria privacy e alla protezione contro l&#8217;uso improprio dei suoi dati personali. Rispettiamo queste disposizioni. I dati personali saranno trattati in modo strettamente confidenziale e non saranno venduti o trasmessi a terzi.<\/p>\n\n<p>In stretta collaborazione con i nostri fornitori di hosting, ci sforziamo di proteggere il pi\u00f9 possibile i database da accesso, perdita, uso improprio o contraffazione di terze parti.<\/p>\n\n<p>Quando si accede ai nostri siti web, i seguenti dati sono memorizzati in file di registro: indirizzo IP, data, ora, richiesta del browser e generale. informazioni sul sistema operativo o Browser. Questi dati di utilizzo sono alla base di valutazioni statistiche e anonime, in modo che le tendenze possano essere identificate, attraverso le quali possiamo migliorare le nostre offerte di conseguenza.<\/p>\n\n<h2 class=\"wp-block-heading\">Informativa sulla privacy per l&#8217;utilizzo di Google Analytics<\/h2>\n\n<p>Questo sito web utilizza Google Analytics, un servizio di analisi web fornito da Google Inc. (&#8220;Google&#8221;). Google Analytics utilizza i cosiddetti &#8220;cookie&#8221;, file di testo memorizzati sul tuo computer e che consentono un&#8217;analisi dell&#8217;uso del sito web. Le informazioni generate dal cookie sull&#8217;uso di questo sito web vengono di solito trasmesse a un server Google negli Stati Uniti e memorizzate l\u00ec. Tuttavia, se l&#8217;anonimizzazione della PI viene attivata su questo sito web, il tuo indirizzo IP verr\u00e0 troncato da Google all&#8217;interno degli Stati membri dell&#8217;Unione europea o in altri Stati contratbili dell&#8217;accordo sullo Spazio economico europeo.<\/p>\n\n<p>Solo in casi eccezionali l&#8217;indirizzo IP completo verr\u00e0 trasmesso a un server Google negli Stati Uniti e troncato. Google utilizzer\u00e0 queste informazioni allo scopo di valutare l&#8217;uso del sito web, compilare rapporti sull&#8217;attivit\u00e0 del sito web per gli operatori di siti web e altri servizi relativi all&#8217;utilizzo di siti web e Internet. Google pu\u00f2 anche trasferire queste informazioni a terzi se richiesto per legge o se terze parti elaborano questi dati per conto di Google. L&#8217;indirizzo IP trasmesso dal tuo browser nell&#8217;ambito di Google Analytics non verr\u00e0 unito ad altri dati di Google.<\/p>\n\n<p>\u00c8 possibile impedire l&#8217;installazione dei cookie impostando il software del browser di conseguenza; tuttavia, vorremmo sottolineare che in questo caso potrebbe non essere in grado di utilizzare tutte le funzioni di questo sito web nella misura massima. Utilizzando questo sito web, l&#8217;utente acconsente al trattamento dei dati raccolti su di te da Google nel modo e per gli scopi sopra descritti.<\/p>\n","protected":false},"excerpt":{"rendered":"<p>Contattare SanPool &#8211; Schule f\u00fcr GesundheitHochbergerstrasse 70CH-4057 Basilea Numero di telefono: 41 (0)61 602 06 06Posta: info@sanpool.ch Persone aventi diritto a rappresentare Daniel Uebersax Voce del registro commerciale Forma giuridica: AssociazioneNome dell&#8217;associazione registrata: SanPool &#8211; Scuola di SaluteNumero di registro commerciale: CH-270.6.000.555-8Ufficio del registro commerciale: Basilea-Stadt Disclaimer L&#8217;autore non si assume alcuna responsabilit\u00e0 per quanto [&hellip;]<\/p>\n","protected":false},"author":2,"featured_media":0,"parent":0,"menu_order":0,"comment_status":"closed","ping_status":"closed","template":"","meta":{"_acf_changed":false,"footnotes":""},"class_list":["post-938","page","type-page","status-publish","hentry"],"acf":[],"yoast_head":"<!-- This site is optimized with the Yoast SEO plugin v27.4 - https:\/\/yoast.com\/product\/yoast-seo-wordpress\/ -->\n<title>Impronta - SanPool<\/title>\n<meta name=\"robots\" content=\"index, follow, max-snippet:-1, max-image-preview:large, max-video-preview:-1\" \/>\n<link rel=\"canonical\" href=\"https:\/\/www.sanpool.ch\/it\/impronta\/\" \/>\n<meta property=\"og:locale\" content=\"it_IT\" \/>\n<meta property=\"og:type\" content=\"article\" \/>\n<meta property=\"og:title\" content=\"Impronta - SanPool\" \/>\n<meta property=\"og:description\" content=\"Contattare SanPool &#8211; Schule f\u00fcr GesundheitHochbergerstrasse 70CH-4057 Basilea Numero di telefono: 41 (0)61 602 06 06Posta: info@sanpool.ch Persone aventi diritto a rappresentare Daniel Uebersax Voce del registro commerciale Forma giuridica: AssociazioneNome dell&#8217;associazione registrata: SanPool &#8211; Scuola di SaluteNumero di registro commerciale: CH-270.6.000.555-8Ufficio del registro commerciale: Basilea-Stadt Disclaimer L&#8217;autore non si assume alcuna responsabilit\u00e0 per quanto [&hellip;]\" \/>\n<meta property=\"og:url\" content=\"https:\/\/www.sanpool.ch\/it\/impronta\/\" \/>\n<meta property=\"og:site_name\" content=\"SanPool\" \/>\n<meta property=\"article:modified_time\" content=\"2020-10-26T18:54:24+00:00\" \/>\n<meta name=\"twitter:card\" content=\"summary_large_image\" \/>\n<meta name=\"twitter:label1\" content=\"Tempo di lettura stimato\" \/>\n\t<meta name=\"twitter:data1\" content=\"3 minuti\" \/>\n<script type=\"application\/ld+json\" class=\"yoast-schema-graph\">{\"@context\":\"https:\\\/\\\/schema.org\",\"@graph\":[{\"@type\":\"WebPage\",\"@id\":\"https:\\\/\\\/www.sanpool.ch\\\/it\\\/impronta\\\/\",\"url\":\"https:\\\/\\\/www.sanpool.ch\\\/it\\\/impronta\\\/\",\"name\":\"Impronta - SanPool\",\"isPartOf\":{\"@id\":\"https:\\\/\\\/www.sanpool.ch\\\/it\\\/#website\"},\"datePublished\":\"2020-09-06T18:58:00+00:00\",\"dateModified\":\"2020-10-26T18:54:24+00:00\",\"breadcrumb\":{\"@id\":\"https:\\\/\\\/www.sanpool.ch\\\/it\\\/impronta\\\/#breadcrumb\"},\"inLanguage\":\"it-IT\",\"potentialAction\":[{\"@type\":\"ReadAction\",\"target\":[\"https:\\\/\\\/www.sanpool.ch\\\/it\\\/impronta\\\/\"]}]},{\"@type\":\"BreadcrumbList\",\"@id\":\"https:\\\/\\\/www.sanpool.ch\\\/it\\\/impronta\\\/#breadcrumb\",\"itemListElement\":[{\"@type\":\"ListItem\",\"position\":1,\"name\":\"Startseite\",\"item\":\"https:\\\/\\\/www.sanpool.ch\\\/it\\\/\"},{\"@type\":\"ListItem\",\"position\":2,\"name\":\"Impronta\"}]},{\"@type\":\"WebSite\",\"@id\":\"https:\\\/\\\/www.sanpool.ch\\\/it\\\/#website\",\"url\":\"https:\\\/\\\/www.sanpool.ch\\\/it\\\/\",\"name\":\"SanPool\",\"description\":\"Schule f\u00fcr Gesundheit\",\"potentialAction\":[{\"@type\":\"SearchAction\",\"target\":{\"@type\":\"EntryPoint\",\"urlTemplate\":\"https:\\\/\\\/www.sanpool.ch\\\/it\\\/?s={search_term_string}\"},\"query-input\":{\"@type\":\"PropertyValueSpecification\",\"valueRequired\":true,\"valueName\":\"search_term_string\"}}],\"inLanguage\":\"it-IT\"}]}<\/script>\n<!-- \/ Yoast SEO plugin. -->","yoast_head_json":{"title":"Impronta - SanPool","robots":{"index":"index","follow":"follow","max-snippet":"max-snippet:-1","max-image-preview":"max-image-preview:large","max-video-preview":"max-video-preview:-1"},"canonical":"https:\/\/www.sanpool.ch\/it\/impronta\/","og_locale":"it_IT","og_type":"article","og_title":"Impronta - SanPool","og_description":"Contattare SanPool &#8211; Schule f\u00fcr GesundheitHochbergerstrasse 70CH-4057 Basilea Numero di telefono: 41 (0)61 602 06 06Posta: info@sanpool.ch Persone aventi diritto a rappresentare Daniel Uebersax Voce del registro commerciale Forma giuridica: AssociazioneNome dell&#8217;associazione registrata: SanPool &#8211; Scuola di SaluteNumero di registro commerciale: CH-270.6.000.555-8Ufficio del registro commerciale: Basilea-Stadt Disclaimer L&#8217;autore non si assume alcuna responsabilit\u00e0 per quanto [&hellip;]","og_url":"https:\/\/www.sanpool.ch\/it\/impronta\/","og_site_name":"SanPool","article_modified_time":"2020-10-26T18:54:24+00:00","twitter_card":"summary_large_image","twitter_misc":{"Tempo di lettura stimato":"3 minuti"},"schema":{"@context":"https:\/\/schema.org","@graph":[{"@type":"WebPage","@id":"https:\/\/www.sanpool.ch\/it\/impronta\/","url":"https:\/\/www.sanpool.ch\/it\/impronta\/","name":"Impronta - SanPool","isPartOf":{"@id":"https:\/\/www.sanpool.ch\/it\/#website"},"datePublished":"2020-09-06T18:58:00+00:00","dateModified":"2020-10-26T18:54:24+00:00","breadcrumb":{"@id":"https:\/\/www.sanpool.ch\/it\/impronta\/#breadcrumb"},"inLanguage":"it-IT","potentialAction":[{"@type":"ReadAction","target":["https:\/\/www.sanpool.ch\/it\/impronta\/"]}]},{"@type":"BreadcrumbList","@id":"https:\/\/www.sanpool.ch\/it\/impronta\/#breadcrumb","itemListElement":[{"@type":"ListItem","position":1,"name":"Startseite","item":"https:\/\/www.sanpool.ch\/it\/"},{"@type":"ListItem","position":2,"name":"Impronta"}]},{"@type":"WebSite","@id":"https:\/\/www.sanpool.ch\/it\/#website","url":"https:\/\/www.sanpool.ch\/it\/","name":"SanPool","description":"Schule f\u00fcr Gesundheit","potentialAction":[{"@type":"SearchAction","target":{"@type":"EntryPoint","urlTemplate":"https:\/\/www.sanpool.ch\/it\/?s={search_term_string}"},"query-input":{"@type":"PropertyValueSpecification","valueRequired":true,"valueName":"search_term_string"}}],"inLanguage":"it-IT"}]}},"jetpack_sharing_enabled":true,"_links":{"self":[{"href":"https:\/\/www.sanpool.ch\/it\/wp-json\/wp\/v2\/pages\/938","targetHints":{"allow":["GET"]}}],"collection":[{"href":"https:\/\/www.sanpool.ch\/it\/wp-json\/wp\/v2\/pages"}],"about":[{"href":"https:\/\/www.sanpool.ch\/it\/wp-json\/wp\/v2\/types\/page"}],"author":[{"embeddable":true,"href":"https:\/\/www.sanpool.ch\/it\/wp-json\/wp\/v2\/users\/2"}],"replies":[{"embeddable":true,"href":"https:\/\/www.sanpool.ch\/it\/wp-json\/wp\/v2\/comments?post=938"}],"version-history":[{"count":5,"href":"https:\/\/www.sanpool.ch\/it\/wp-json\/wp\/v2\/pages\/938\/revisions"}],"predecessor-version":[{"id":1908,"href":"https:\/\/www.sanpool.ch\/it\/wp-json\/wp\/v2\/pages\/938\/revisions\/1908"}],"wp:attachment":[{"href":"https:\/\/www.sanpool.ch\/it\/wp-json\/wp\/v2\/media?parent=938"}],"curies":[{"name":"wp","href":"https:\/\/api.w.org\/{rel}","templated":true}]}}