{"id":941,"date":"2020-09-06T21:09:49","date_gmt":"2020-09-06T19:09:49","guid":{"rendered":"https:\/\/next.sanpool.ch\/?page_id=941"},"modified":"2020-10-28T09:38:36","modified_gmt":"2020-10-28T08:38:36","slug":"ccg","status":"publish","type":"page","link":"https:\/\/www.sanpool.ch\/it\/ccg\/","title":{"rendered":"Condizioni generali di contratto"},"content":{"rendered":"\n<h2 class=\"wp-block-heading\"><strong>Validit\u00e0<\/strong><\/h2>\n\n<p>Se non diversamente concordato per iscritto, le seguenti Condizioni Generali sono parte integrante di tutti i rapporti commerciali tra SanPool &#8211; Scuala per la salute (di seguito denominata SanPool) e i suoi clienti, in particolare per la partecipazione ai corsi pubblicizzati e per gli ordini effettuati con SanPool. Con la registrazione, i partecipanti e i partner contrattuali confermano di averne preso atto e di accettarle.<\/p>\n\n<h2 class=\"wp-block-heading\"><strong>Organizzazione del corso<\/strong><\/h2>\n\n<p>I servizi inclusi nel prezzo sono indicati nei bandi di gara. Sono possibili piccole deviazioni dal programma. I corsi si tengono solo se viene raggiunto un numero minimo fisso di partecipanti. Ci riserviamo espressamente il diritto di annullare, unire o gestire i corsi pi\u00f9 volte e di cambiare le sedi dei corsi. In caso di cancellazione del corso da parte di SanPool, la tassa del corso sar\u00e0 rimborsata.<\/p>\n\n<h2 class=\"wp-block-heading\">Finanza<\/h2>\n\n<p>I costi del corso sono generalmente pagabili prima dell&#8217;inizio del corso. La fattura corrispondente verr\u00e0 consegnata in anticipo per tutti i corsi. I posti del corso sono assegnati nell&#8217;ordine di iscrizione e soggetti al pagamento tempestivo dei costi del corso.<\/p>\n\n<h2 class=\"wp-block-heading\">Prelievi<\/h2>\n\n<p>Se si annulla la registrazione da un corso, il seguente contributo sar\u00e0 dovuto, a seconda del momento di cancellazione:<\/p>\n\n<ul class=\"wp-block-list\"><li>fino a 15 giorni prima dell&#8217;inizio del corso, senza costi<\/li><li>da 14 a 1 giorno prima dell&#8217;inizio del corso, 50%<\/li><li>dalla data di inizio del corso o in caso di assenza, il 100% dei costi del corso<\/li><\/ul>\n<p>In caso di cancellazione dovuta a seguito di un infortunio o di una malattia, \u00e8 dovuto un contributo forfettaria di CHF 30.\u2013 per tasso deregistrato. Al fine di richiedere, il SanPool deve presentare un certificato medico entro una settimana.<\/p>\n\n<h2 class=\"wp-block-heading\">Ripubblicazione<\/h2>\n\n<p>Per i trasferimenti, il tempo di annullamento della registrazione coincide con l&#8217;ora di una nuova registrazione. Un cambio di prenotazione \u00e8 possibile gratuitamente fino a 15 giorni prima dell&#8217;inizio del corso. Per le riprenotazione da 14 giorni prima dell&#8217;inizio del corso, verr\u00e0 addebitata una tassa di 30.-<\/p>\n\n<h2 class=\"wp-block-heading\">Lezioni perse<\/h2>\n\n<p>Le lezioni perse possono essere trovate solo con i corsi con istruttore. \u00c8 escluso il rimborso della tariffa del corso a causa di lezioni mancate.<\/p>\n\n<h2 class=\"wp-block-heading\">Conferma del corso<\/h2>\n\n<p>L&#8217;emissione di conferme di corso, carte d&#8217;identit\u00e0 o certificati viene effettuata in base alla descrizione del corso. Su richiesta, la frequenza del corso pu\u00f2 anche essere inserita nel passaporto educativo o nel furto di prova della vostra associazione professionale. Le disposizioni legali e\/o normative sono riservate.<\/p>\n\n<h2 class=\"wp-block-heading\">Assicurazione<\/h2>\n\n<p>Tutti i corsi e gli eventi organizzati da SanPool sono esclusi da qualsiasi responsabilit\u00e0 per eventuali danni subiti. Una copertura assicurativa sufficiente \u00e8 una questione per i partecipanti. SanPool non pu\u00f2 essere ritenuta responsabile per furto e perdita di oggetti.<\/p>\n\n<h2 class=\"wp-block-heading\"><strong>Copyright<\/strong><\/h2>\n\n<p>La riproduzione dei materiali del corso per scopi propri o per terzi non \u00e8 consentita.<\/p>\n\n<h2 class=\"wp-block-heading\">Variazioni dei programmi e dei prezzi<\/h2>\n\n<p>Ci riserviamo il diritto di apportare modifiche al programma e ai prezzi, nonch\u00e9 di modificare i Termini e Condizioni generali.<\/p>\n\n<h2 class=\"wp-block-heading\">Giurisdizione<\/h2>\n\n<p>Il luogo di giurisdizione per tutte le controversie derivanti dal rapporto legale con SanPool \u00e8 Basilea. Tutti i contratti sono esclusivamente soggetti al diritto svizzero.<\/p>\n\n<p>SanPool &#8211; Schule f\u00fcr Gesundheit<br\/>Hochbergerstrasse 70<br\/>CH-4057 Basilea<br\/>061 602 06 06<br\/>www.sanpool.ch<br\/>info@sanpool.ch<\/p>\n","protected":false},"excerpt":{"rendered":"<p>Validit\u00e0 Se non diversamente concordato per iscritto, le seguenti Condizioni Generali sono parte integrante di tutti i rapporti commerciali tra SanPool &#8211; Scuala per la salute (di seguito denominata SanPool) e i suoi clienti, in particolare per la partecipazione ai corsi pubblicizzati e per gli ordini effettuati con SanPool. Con la registrazione, i partecipanti e [&hellip;]<\/p>\n","protected":false},"author":2,"featured_media":0,"parent":0,"menu_order":0,"comment_status":"closed","ping_status":"closed","template":"","meta":{"_acf_changed":false,"footnotes":""},"class_list":["post-941","page","type-page","status-publish","hentry"],"acf":[],"yoast_head":"<!-- This site is optimized with the Yoast SEO plugin v27.5 - https:\/\/yoast.com\/product\/yoast-seo-wordpress\/ -->\n<title>Condizioni generali di contratto - SanPool<\/title>\n<meta name=\"robots\" content=\"index, follow, max-snippet:-1, max-image-preview:large, max-video-preview:-1\" \/>\n<link rel=\"canonical\" href=\"https:\/\/www.sanpool.ch\/it\/ccg\/\" \/>\n<meta property=\"og:locale\" content=\"it_IT\" \/>\n<meta property=\"og:type\" content=\"article\" \/>\n<meta property=\"og:title\" content=\"Condizioni generali di contratto - SanPool\" \/>\n<meta property=\"og:description\" content=\"Validit\u00e0 Se non diversamente concordato per iscritto, le seguenti Condizioni Generali sono parte integrante di tutti i rapporti commerciali tra SanPool &#8211; Scuala per la salute (di seguito denominata SanPool) e i suoi clienti, in particolare per la partecipazione ai corsi pubblicizzati e per gli ordini effettuati con SanPool. Con la registrazione, i partecipanti e [&hellip;]\" \/>\n<meta property=\"og:url\" content=\"https:\/\/www.sanpool.ch\/it\/ccg\/\" \/>\n<meta property=\"og:site_name\" content=\"SanPool\" \/>\n<meta property=\"article:modified_time\" content=\"2020-10-28T08:38:36+00:00\" \/>\n<meta name=\"twitter:card\" content=\"summary_large_image\" \/>\n<meta name=\"twitter:label1\" content=\"Tempo di lettura stimato\" \/>\n\t<meta name=\"twitter:data1\" content=\"3 minuti\" \/>\n<script type=\"application\/ld+json\" class=\"yoast-schema-graph\">{\"@context\":\"https:\\\/\\\/schema.org\",\"@graph\":[{\"@type\":\"WebPage\",\"@id\":\"https:\\\/\\\/www.sanpool.ch\\\/it\\\/ccg\\\/\",\"url\":\"https:\\\/\\\/www.sanpool.ch\\\/it\\\/ccg\\\/\",\"name\":\"Condizioni generali di contratto - SanPool\",\"isPartOf\":{\"@id\":\"https:\\\/\\\/www.sanpool.ch\\\/it\\\/#website\"},\"datePublished\":\"2020-09-06T19:09:49+00:00\",\"dateModified\":\"2020-10-28T08:38:36+00:00\",\"breadcrumb\":{\"@id\":\"https:\\\/\\\/www.sanpool.ch\\\/it\\\/ccg\\\/#breadcrumb\"},\"inLanguage\":\"it-IT\",\"potentialAction\":[{\"@type\":\"ReadAction\",\"target\":[\"https:\\\/\\\/www.sanpool.ch\\\/it\\\/ccg\\\/\"]}]},{\"@type\":\"BreadcrumbList\",\"@id\":\"https:\\\/\\\/www.sanpool.ch\\\/it\\\/ccg\\\/#breadcrumb\",\"itemListElement\":[{\"@type\":\"ListItem\",\"position\":1,\"name\":\"Startseite\",\"item\":\"https:\\\/\\\/www.sanpool.ch\\\/it\\\/\"},{\"@type\":\"ListItem\",\"position\":2,\"name\":\"Condizioni generali di contratto\"}]},{\"@type\":\"WebSite\",\"@id\":\"https:\\\/\\\/www.sanpool.ch\\\/it\\\/#website\",\"url\":\"https:\\\/\\\/www.sanpool.ch\\\/it\\\/\",\"name\":\"SanPool\",\"description\":\"Schule f\u00fcr Gesundheit\",\"potentialAction\":[{\"@type\":\"SearchAction\",\"target\":{\"@type\":\"EntryPoint\",\"urlTemplate\":\"https:\\\/\\\/www.sanpool.ch\\\/it\\\/?s={search_term_string}\"},\"query-input\":{\"@type\":\"PropertyValueSpecification\",\"valueRequired\":true,\"valueName\":\"search_term_string\"}}],\"inLanguage\":\"it-IT\"}]}<\/script>\n<!-- \/ Yoast SEO plugin. -->","yoast_head_json":{"title":"Condizioni generali di contratto - SanPool","robots":{"index":"index","follow":"follow","max-snippet":"max-snippet:-1","max-image-preview":"max-image-preview:large","max-video-preview":"max-video-preview:-1"},"canonical":"https:\/\/www.sanpool.ch\/it\/ccg\/","og_locale":"it_IT","og_type":"article","og_title":"Condizioni generali di contratto - SanPool","og_description":"Validit\u00e0 Se non diversamente concordato per iscritto, le seguenti Condizioni Generali sono parte integrante di tutti i rapporti commerciali tra SanPool &#8211; Scuala per la salute (di seguito denominata SanPool) e i suoi clienti, in particolare per la partecipazione ai corsi pubblicizzati e per gli ordini effettuati con SanPool. Con la registrazione, i partecipanti e [&hellip;]","og_url":"https:\/\/www.sanpool.ch\/it\/ccg\/","og_site_name":"SanPool","article_modified_time":"2020-10-28T08:38:36+00:00","twitter_card":"summary_large_image","twitter_misc":{"Tempo di lettura stimato":"3 minuti"},"schema":{"@context":"https:\/\/schema.org","@graph":[{"@type":"WebPage","@id":"https:\/\/www.sanpool.ch\/it\/ccg\/","url":"https:\/\/www.sanpool.ch\/it\/ccg\/","name":"Condizioni generali di contratto - SanPool","isPartOf":{"@id":"https:\/\/www.sanpool.ch\/it\/#website"},"datePublished":"2020-09-06T19:09:49+00:00","dateModified":"2020-10-28T08:38:36+00:00","breadcrumb":{"@id":"https:\/\/www.sanpool.ch\/it\/ccg\/#breadcrumb"},"inLanguage":"it-IT","potentialAction":[{"@type":"ReadAction","target":["https:\/\/www.sanpool.ch\/it\/ccg\/"]}]},{"@type":"BreadcrumbList","@id":"https:\/\/www.sanpool.ch\/it\/ccg\/#breadcrumb","itemListElement":[{"@type":"ListItem","position":1,"name":"Startseite","item":"https:\/\/www.sanpool.ch\/it\/"},{"@type":"ListItem","position":2,"name":"Condizioni generali di contratto"}]},{"@type":"WebSite","@id":"https:\/\/www.sanpool.ch\/it\/#website","url":"https:\/\/www.sanpool.ch\/it\/","name":"SanPool","description":"Schule f\u00fcr Gesundheit","potentialAction":[{"@type":"SearchAction","target":{"@type":"EntryPoint","urlTemplate":"https:\/\/www.sanpool.ch\/it\/?s={search_term_string}"},"query-input":{"@type":"PropertyValueSpecification","valueRequired":true,"valueName":"search_term_string"}}],"inLanguage":"it-IT"}]}},"jetpack_sharing_enabled":true,"_links":{"self":[{"href":"https:\/\/www.sanpool.ch\/it\/wp-json\/wp\/v2\/pages\/941","targetHints":{"allow":["GET"]}}],"collection":[{"href":"https:\/\/www.sanpool.ch\/it\/wp-json\/wp\/v2\/pages"}],"about":[{"href":"https:\/\/www.sanpool.ch\/it\/wp-json\/wp\/v2\/types\/page"}],"author":[{"embeddable":true,"href":"https:\/\/www.sanpool.ch\/it\/wp-json\/wp\/v2\/users\/2"}],"replies":[{"embeddable":true,"href":"https:\/\/www.sanpool.ch\/it\/wp-json\/wp\/v2\/comments?post=941"}],"version-history":[{"count":4,"href":"https:\/\/www.sanpool.ch\/it\/wp-json\/wp\/v2\/pages\/941\/revisions"}],"predecessor-version":[{"id":1879,"href":"https:\/\/www.sanpool.ch\/it\/wp-json\/wp\/v2\/pages\/941\/revisions\/1879"}],"wp:attachment":[{"href":"https:\/\/www.sanpool.ch\/it\/wp-json\/wp\/v2\/media?parent=941"}],"curies":[{"name":"wp","href":"https:\/\/api.w.org\/{rel}","templated":true}]}}