{"id":979,"date":"2020-09-07T19:07:47","date_gmt":"2020-09-07T17:07:47","guid":{"rendered":"https:\/\/next.sanpool.ch\/?page_id=979"},"modified":"2022-08-08T11:18:13","modified_gmt":"2022-08-08T09:18:13","slug":"chi-siamo","status":"publish","type":"page","link":"https:\/\/www.sanpool.ch\/it\/chi-siamo\/","title":{"rendered":"Chi Siamo"},"content":{"rendered":"<\/div><\/div><\/div><div>\n<div class=\"wp-block-cover alignfull is-light has-custom-content-position is-position-bottom-center\" style=\"min-height:600px;aspect-ratio:unset;\"><span aria-hidden=\"true\" class=\"wp-block-cover__background has-background-dim-30 has-background-dim\"><\/span><video class=\"wp-block-cover__video-background intrinsic-ignore\" autoplay muted loop playsinline src=\"https:\/\/www.sanpool.ch\/wp-content\/uploads\/2020\/03\/SanPool-Intro-Logo-2015.mp4\" data-object-fit=\"cover\"><\/video><div class=\"wp-block-cover__inner-container is-layout-flow wp-block-cover-is-layout-flow\">\n<p class=\"has-text-align-center\" style=\"font-size:80px\"><\/p>\n<\/div><\/div>\n<\/div><div class=\"container\"><div class=\"row\"><div class=\"col-12\">\n\n\n<div style=\"height:50px\" aria-hidden=\"true\" class=\"wp-block-spacer\"><\/div>\n\n\n\n<div class=\"wp-block-media-text has-media-on-the-right is-stacked-on-mobile is-image-fill has-background has-lightgray-background-color has-background\"><figure class=\"wp-block-media-text__media\" style=\"background-image:url(https:\/\/www.sanpool.ch\/wp-content\/uploads\/2020\/05\/iStock_000007697683Medium-1024x681.jpg);background-position:52% 76%\"><img loading=\"lazy\" decoding=\"async\" width=\"1024\" height=\"681\" src=\"https:\/\/www.sanpool.ch\/wp-content\/uploads\/2020\/05\/iStock_000007697683Medium-1024x681.jpg\" alt=\"\" class=\"wp-image-365 size-full\" srcset=\"https:\/\/www.sanpool.ch\/wp-content\/uploads\/2020\/05\/iStock_000007697683Medium-1024x681.jpg 1024w, https:\/\/www.sanpool.ch\/wp-content\/uploads\/2020\/05\/iStock_000007697683Medium-300x200.jpg 300w, https:\/\/www.sanpool.ch\/wp-content\/uploads\/2020\/05\/iStock_000007697683Medium-768x511.jpg 768w, https:\/\/www.sanpool.ch\/wp-content\/uploads\/2020\/05\/iStock_000007697683Medium-1536x1022.jpg 1536w, https:\/\/www.sanpool.ch\/wp-content\/uploads\/2020\/05\/iStock_000007697683Medium-350x233.jpg 350w, https:\/\/www.sanpool.ch\/wp-content\/uploads\/2020\/05\/iStock_000007697683Medium-700x466.jpg 700w, https:\/\/www.sanpool.ch\/wp-content\/uploads\/2020\/05\/iStock_000007697683Medium-447x297.jpg 447w, https:\/\/www.sanpool.ch\/wp-content\/uploads\/2020\/05\/iStock_000007697683Medium-894x595.jpg 894w, https:\/\/www.sanpool.ch\/wp-content\/uploads\/2020\/05\/iStock_000007697683Medium.jpg 1699w\" sizes=\"auto, (max-width: 1024px) 100vw, 1024px\" \/><\/figure><div class=\"wp-block-media-text__content\">\n<div style=\"height:50px\" aria-hidden=\"true\" class=\"wp-block-spacer\"><\/div>\n\n\n\n<h2 class=\"wp-block-heading\">Ritratto<\/h2>\n\n\n\n<p class=\"has-medium-font-size\">SanPool \u00e8 un&#8217;organizzazione di formazione privata con una rete competente di specialisti, che offre un&#8217;offerta di corsi fondata nel sistema educativo svizzero.<br>La competenza fondamentale di SanPool \u00e8 la formazione qualificata di ampie popolazioni in aiuti di emergenza e medicina di emergenza, nonch\u00e9 la formazione e l&#8217;ulteriore istruzione di formatori appropriati.<br>Dalla sua fondazione nel dicembre 2002, SanPool si \u00e8 sviluppata in uno dei maggiori fornitori di corsi in Svizzera ed \u00e8 leader di mercato nella formazione di pronto soccorso. <\/p>\n\n\n\n<div style=\"height:50px\" aria-hidden=\"true\" class=\"wp-block-spacer\"><\/div>\n<\/div><\/div>\n\n\n\n<div class=\"wp-block-media-text is-stacked-on-mobile is-vertically-aligned-center has-background has-white-background-color has-background\"><figure class=\"wp-block-media-text__media\"><img loading=\"lazy\" decoding=\"async\" width=\"1024\" height=\"237\" src=\"https:\/\/www.sanpool.ch\/wp-content\/uploads\/2020\/10\/Logo_SanPool_neutral-1024x237.jpg\" alt=\"\" class=\"wp-image-1255 size-full\" srcset=\"https:\/\/www.sanpool.ch\/wp-content\/uploads\/2020\/10\/Logo_SanPool_neutral-1024x237.jpg 1024w, https:\/\/www.sanpool.ch\/wp-content\/uploads\/2020\/10\/Logo_SanPool_neutral-300x69.jpg 300w, https:\/\/www.sanpool.ch\/wp-content\/uploads\/2020\/10\/Logo_SanPool_neutral-768x178.jpg 768w, https:\/\/www.sanpool.ch\/wp-content\/uploads\/2020\/10\/Logo_SanPool_neutral-1536x356.jpg 1536w, https:\/\/www.sanpool.ch\/wp-content\/uploads\/2020\/10\/Logo_SanPool_neutral-350x81.jpg 350w, https:\/\/www.sanpool.ch\/wp-content\/uploads\/2020\/10\/Logo_SanPool_neutral-700x162.jpg 700w, https:\/\/www.sanpool.ch\/wp-content\/uploads\/2020\/10\/Logo_SanPool_neutral-447x104.jpg 447w, https:\/\/www.sanpool.ch\/wp-content\/uploads\/2020\/10\/Logo_SanPool_neutral-894x207.jpg 894w, https:\/\/www.sanpool.ch\/wp-content\/uploads\/2020\/10\/Logo_SanPool_neutral.jpg 1628w\" sizes=\"auto, (max-width: 1024px) 100vw, 1024px\" \/><\/figure><div class=\"wp-block-media-text__content\">\n<div style=\"height:100px\" aria-hidden=\"true\" class=\"wp-block-spacer\"><\/div>\n\n\n\n<h2 class=\"wp-block-heading\">Marchio<\/h2>\n\n\n\n<p class=\"has-medium-font-size\">SanPool \u00e8 composto dal nome Sant\u00e9 e Pool. Il Pool rienergizza la diversit\u00e0 e l&#8217;interessante rete di istruttori.<br>Il marchio SanPool si trova oggi in ogni cantone svizzero ed \u00e8 sinonimo di corsi moderni, competenti e di tutto il mondo.<\/p>\n\n\n\n<div style=\"height:100px\" aria-hidden=\"true\" class=\"wp-block-spacer\"><\/div>\n<\/div><\/div>\n\n\n\n<div class=\"wp-block-media-text has-media-on-the-right is-stacked-on-mobile is-vertically-aligned-center is-image-fill has-background has-lightgray-background-color has-background\"><figure class=\"wp-block-media-text__media\" style=\"background-image:url(https:\/\/www.sanpool.ch\/wp-content\/uploads\/2020\/11\/125857042-1024x771.jpg);background-position:50% 50%\"><img loading=\"lazy\" decoding=\"async\" width=\"1024\" height=\"771\" src=\"https:\/\/www.sanpool.ch\/wp-content\/uploads\/2020\/11\/125857042-1024x771.jpg\" alt=\"\" class=\"wp-image-2396 size-full\" srcset=\"https:\/\/www.sanpool.ch\/wp-content\/uploads\/2020\/11\/125857042-1024x771.jpg 1024w, https:\/\/www.sanpool.ch\/wp-content\/uploads\/2020\/11\/125857042-300x226.jpg 300w, https:\/\/www.sanpool.ch\/wp-content\/uploads\/2020\/11\/125857042-768x578.jpg 768w, https:\/\/www.sanpool.ch\/wp-content\/uploads\/2020\/11\/125857042-1536x1156.jpg 1536w, https:\/\/www.sanpool.ch\/wp-content\/uploads\/2020\/11\/125857042-350x263.jpg 350w, https:\/\/www.sanpool.ch\/wp-content\/uploads\/2020\/11\/125857042-700x527.jpg 700w, https:\/\/www.sanpool.ch\/wp-content\/uploads\/2020\/11\/125857042-1920x1445.jpg 1920w, https:\/\/www.sanpool.ch\/wp-content\/uploads\/2020\/11\/125857042-447x336.jpg 447w, https:\/\/www.sanpool.ch\/wp-content\/uploads\/2020\/11\/125857042-894x673.jpg 894w, https:\/\/www.sanpool.ch\/wp-content\/uploads\/2020\/11\/125857042.jpg 2000w\" sizes=\"auto, (max-width: 1024px) 100vw, 1024px\" \/><\/figure><div class=\"wp-block-media-text__content\">\n<div style=\"height:100px\" aria-hidden=\"true\" class=\"wp-block-spacer\"><\/div>\n\n\n\n<h2 class=\"wp-block-heading\">Rete<\/h2>\n\n\n\n<p class=\"has-medium-font-size\">Oltre alle risorse di oltre 300 formatori in Svizzera, SanPool ha membri di rinomate organizzazioni.<br>SanPool \u00e8 membro del Consiglio svizzero di rianimazione SRC, dell&#8217;Inter-Associazione per il Soccorso IVR e dell&#8217;Associazione per l&#8217;Educazione degli Adulti SVEB.<\/p>\n\n\n\n<div style=\"height:100px\" aria-hidden=\"true\" class=\"wp-block-spacer\"><\/div>\n<\/div><\/div>\n\n\n\n<div style=\"height:100px\" aria-hidden=\"true\" class=\"wp-block-spacer\"><\/div>\n\n\n<\/div><\/div><\/div><div>\n<div class=\"wp-block-cover alignfull is-light has-parallax has-custom-content-position is-position-bottom-center\" style=\"background-image:url(https:\/\/www.sanpool.ch\/wp-content\/uploads\/2020\/02\/IMG_8626-e1583066284782.jpeg);min-height:300px;aspect-ratio:unset;\"><span aria-hidden=\"true\" class=\"wp-block-cover__background has-background-dim\"><\/span><div class=\"wp-block-cover__inner-container is-layout-flow wp-block-cover-is-layout-flow\">\n<p class=\"has-text-align-center\" style=\"font-size:80px\">Da quando \u00e8 nata SanPool&#8230;<\/p>\n<\/div><\/div>\n<\/div><div class=\"container\"><div class=\"row\"><div class=\"col-12\">\n\n<\/div><\/div><\/div><div><div id=\"numbers-and-facts-block_5e584431f5d30\" class=\"numbers-and-facts bg-primary alignfull\">\n\t<div class=\"container\">\n\t\t<div class=\"row justify-content-center\">\n\t\t\t\t\t\t\t<div class=\"col\">\n\t\t\t\t\t<div class=\"number\">3<\/div>\n\t\t\t\t\t<div class=\"fact\">Lingue<\/div>\n\t\t\t\t<\/div>\n\t\t\t\t\t\t\t\t<div class=\"col\">\n\t\t\t\t\t<div class=\"number\">900<\/div>\n\t\t\t\t\t<div class=\"fact\">Formatori<\/div>\n\t\t\t\t<\/div>\n\t\t\t\t\t\t\t\t<div class=\"col\">\n\t\t\t\t\t<div class=\"number\">525<\/div>\n\t\t\t\t\t<div class=\"fact\">Offerenti di corsi<\/div>\n\t\t\t\t<\/div>\n\t\t\t\t\t\t\t\t<div class=\"col\">\n\t\t\t\t\t<div class=\"number\">24200<\/div>\n\t\t\t\t\t<div class=\"fact\">Corsi<\/div>\n\t\t\t\t<\/div>\n\t\t\t\t\t\t\t\t<div class=\"col\">\n\t\t\t\t\t<div class=\"number\">213000<\/div>\n\t\t\t\t\t<div class=\"fact\">Partecipanti<\/div>\n\t\t\t\t<\/div>\n\t\t\t\t\t\t<\/div>\n\t<\/div>\n<\/div><\/div><div class=\"container\"><div class=\"row\"><div class=\"col-12\">\n\n<\/div><\/div><\/div><div>\n<div class=\"wp-block-cover alignfull is-light has-parallax\" style=\"background-image:url(https:\/\/www.sanpool.ch\/wp-content\/uploads\/2020\/02\/IMG_8626-e1583066284782.jpeg);min-height:300px;aspect-ratio:unset;\"><span aria-hidden=\"true\" class=\"wp-block-cover__background has-background-dim\"><\/span><div class=\"wp-block-cover__inner-container is-layout-flow wp-block-cover-is-layout-flow\">\n<p class=\"has-text-align-center\" style=\"font-size:80px\"><\/p>\n<\/div><\/div>\n<\/div><div class=\"container\"><div class=\"row\"><div class=\"col-12\">\n\n\n<div style=\"height:100px\" aria-hidden=\"true\" class=\"wp-block-spacer\"><\/div>\n\n\n\n<div class=\"wp-block-columns are-vertically-aligned-center is-layout-flex wp-container-core-columns-is-layout-9d6595d7 wp-block-columns-is-layout-flex\">\n<div class=\"wp-block-column is-vertically-aligned-center is-layout-flow wp-block-column-is-layout-flow\" style=\"flex-basis:100%\">\n<p>Il SanPool \u00e8 una struttura di formazione accreditata e ha le etichette e le ingiunzioni necessarie. Dal 2013, SanPool \u00e8 stato certificato da eduQua e si dimostra quindi un partner affidabile per l&#8217;ulteriore istruzione.<\/p>\n<\/div>\n\n\n\n<div class=\"wp-block-column is-vertically-aligned-center is-layout-flow wp-block-column-is-layout-flow\" style=\"flex-basis:20%\">\n<div class=\"wp-block-buttons is-layout-flex wp-block-buttons-is-layout-flex\">\n<div class=\"wp-block-button is-style-fill\"><a class=\"wp-block-button__link has-blue-background-color has-background no-border-radius\" href=\"https:\/\/www.sanpool.ch\/it\/certificati\/\" rel=\"\">pi\u00f9 info&#8230;<\/a><\/div>\n<\/div>\n<\/div>\n<\/div>\n\n\n\n<figure class=\"wp-block-gallery aligncenter has-nested-images columns-4 wp-block-gallery-1 is-layout-flex wp-block-gallery-is-layout-flex\">\n<figure class=\"wp-block-image size-medium\"><img loading=\"lazy\" decoding=\"async\" width=\"300\" height=\"107\" data-id=\"2347\" src=\"https:\/\/www.sanpool.ch\/wp-content\/uploads\/2020\/11\/2000px-EduQua_Logo.svg_-300x107.png\" alt=\"\" class=\"wp-image-2347\" srcset=\"https:\/\/www.sanpool.ch\/wp-content\/uploads\/2020\/11\/2000px-EduQua_Logo.svg_-300x107.png 300w, https:\/\/www.sanpool.ch\/wp-content\/uploads\/2020\/11\/2000px-EduQua_Logo.svg_-1024x364.png 1024w, https:\/\/www.sanpool.ch\/wp-content\/uploads\/2020\/11\/2000px-EduQua_Logo.svg_-768x273.png 768w, https:\/\/www.sanpool.ch\/wp-content\/uploads\/2020\/11\/2000px-EduQua_Logo.svg_-1536x546.png 1536w, https:\/\/www.sanpool.ch\/wp-content\/uploads\/2020\/11\/2000px-EduQua_Logo.svg_-350x124.png 350w, https:\/\/www.sanpool.ch\/wp-content\/uploads\/2020\/11\/2000px-EduQua_Logo.svg_-700x249.png 700w, https:\/\/www.sanpool.ch\/wp-content\/uploads\/2020\/11\/2000px-EduQua_Logo.svg_-1920x683.png 1920w, https:\/\/www.sanpool.ch\/wp-content\/uploads\/2020\/11\/2000px-EduQua_Logo.svg_-447x159.png 447w, https:\/\/www.sanpool.ch\/wp-content\/uploads\/2020\/11\/2000px-EduQua_Logo.svg_-894x318.png 894w, https:\/\/www.sanpool.ch\/wp-content\/uploads\/2020\/11\/2000px-EduQua_Logo.svg_.png 2000w\" sizes=\"auto, (max-width: 300px) 100vw, 300px\" \/><\/figure>\n\n\n\n<figure class=\"wp-block-image size-medium\"><img loading=\"lazy\" decoding=\"async\" width=\"300\" height=\"148\" data-id=\"655\" src=\"https:\/\/www.sanpool.ch\/wp-content\/uploads\/2020\/05\/SGS_Logo-300x148.png\" alt=\"\" class=\"wp-image-655\" srcset=\"https:\/\/www.sanpool.ch\/wp-content\/uploads\/2020\/05\/SGS_Logo-300x148.png 300w, https:\/\/www.sanpool.ch\/wp-content\/uploads\/2020\/05\/SGS_Logo-1024x504.png 1024w, https:\/\/www.sanpool.ch\/wp-content\/uploads\/2020\/05\/SGS_Logo-768x378.png 768w, https:\/\/www.sanpool.ch\/wp-content\/uploads\/2020\/05\/SGS_Logo-1536x756.png 1536w, https:\/\/www.sanpool.ch\/wp-content\/uploads\/2020\/05\/SGS_Logo-350x172.png 350w, https:\/\/www.sanpool.ch\/wp-content\/uploads\/2020\/05\/SGS_Logo-700x344.png 700w, https:\/\/www.sanpool.ch\/wp-content\/uploads\/2020\/05\/SGS_Logo-1920x945.png 1920w, https:\/\/www.sanpool.ch\/wp-content\/uploads\/2020\/05\/SGS_Logo-447x220.png 447w, https:\/\/www.sanpool.ch\/wp-content\/uploads\/2020\/05\/SGS_Logo-894x440.png 894w, https:\/\/www.sanpool.ch\/wp-content\/uploads\/2020\/05\/SGS_Logo.png 2000w\" sizes=\"auto, (max-width: 300px) 100vw, 300px\" \/><\/figure>\n\n\n\n<figure class=\"wp-block-image size-medium\"><img loading=\"lazy\" decoding=\"async\" width=\"300\" height=\"196\" data-id=\"2496\" src=\"https:\/\/www.sanpool.ch\/wp-content\/uploads\/2020\/11\/SRC_logo2-e1605140042450-300x196.png\" alt=\"\" class=\"wp-image-2496\" srcset=\"https:\/\/www.sanpool.ch\/wp-content\/uploads\/2020\/11\/SRC_logo2-e1605140042450-300x196.png 300w, https:\/\/www.sanpool.ch\/wp-content\/uploads\/2020\/11\/SRC_logo2-e1605140042450-350x228.png 350w, https:\/\/www.sanpool.ch\/wp-content\/uploads\/2020\/11\/SRC_logo2-e1605140042450-700x457.png 700w, https:\/\/www.sanpool.ch\/wp-content\/uploads\/2020\/11\/SRC_logo2-e1605140042450-447x292.png 447w, https:\/\/www.sanpool.ch\/wp-content\/uploads\/2020\/11\/SRC_logo2-e1605140042450.png 719w\" sizes=\"auto, (max-width: 300px) 100vw, 300px\" \/><\/figure>\n\n\n\n<figure class=\"wp-block-image size-medium\"><img loading=\"lazy\" decoding=\"async\" width=\"300\" height=\"153\" data-id=\"2491\" src=\"https:\/\/www.sanpool.ch\/wp-content\/uploads\/2020\/11\/ASTRA_Logo2.png\" alt=\"\" class=\"wp-image-2491\"\/><\/figure>\n<\/figure>\n\n\n\n<div style=\"height:50px\" aria-hidden=\"true\" class=\"wp-block-spacer\"><\/div>\n\n\n\n<p><\/p>\n","protected":false},"excerpt":{"rendered":"<p>Il SanPool \u00e8 una struttura di formazione accreditata e ha le etichette e le ingiunzioni necessarie. Dal 2013, SanPool \u00e8 stato certificato da eduQua e si dimostra quindi un partner affidabile per l&#8217;ulteriore istruzione.<\/p>\n","protected":false},"author":2,"featured_media":0,"parent":0,"menu_order":0,"comment_status":"closed","ping_status":"closed","template":"","meta":{"_acf_changed":false,"footnotes":""},"class_list":["post-979","page","type-page","status-publish","hentry"],"acf":[],"yoast_head":"<!-- This site is optimized with the Yoast SEO plugin v27.5 - https:\/\/yoast.com\/product\/yoast-seo-wordpress\/ -->\n<title>Chi Siamo - SanPool<\/title>\n<meta name=\"robots\" content=\"index, follow, max-snippet:-1, max-image-preview:large, max-video-preview:-1\" \/>\n<link rel=\"canonical\" href=\"https:\/\/www.sanpool.ch\/it\/chi-siamo\/\" \/>\n<meta property=\"og:locale\" content=\"it_IT\" \/>\n<meta property=\"og:type\" content=\"article\" \/>\n<meta property=\"og:title\" content=\"Chi Siamo - SanPool\" \/>\n<meta property=\"og:description\" content=\"Il SanPool \u00e8 una struttura di formazione accreditata e ha le etichette e le ingiunzioni necessarie. Dal 2013, SanPool \u00e8 stato certificato da eduQua e si dimostra quindi un partner affidabile per l&#8217;ulteriore istruzione.\" \/>\n<meta property=\"og:url\" content=\"https:\/\/www.sanpool.ch\/it\/chi-siamo\/\" \/>\n<meta property=\"og:site_name\" content=\"SanPool\" \/>\n<meta property=\"article:modified_time\" content=\"2022-08-08T09:18:13+00:00\" \/>\n<meta property=\"og:image\" content=\"https:\/\/www.sanpool.ch\/wp-content\/uploads\/2020\/05\/iStock_000007697683Medium-1024x681.jpg\" \/>\n<meta name=\"twitter:card\" content=\"summary_large_image\" \/>\n<meta name=\"twitter:label1\" content=\"Tempo di lettura stimato\" \/>\n\t<meta name=\"twitter:data1\" content=\"3 minuti\" \/>\n<script type=\"application\/ld+json\" class=\"yoast-schema-graph\">{\"@context\":\"https:\\\/\\\/schema.org\",\"@graph\":[{\"@type\":\"WebPage\",\"@id\":\"https:\\\/\\\/www.sanpool.ch\\\/it\\\/chi-siamo\\\/\",\"url\":\"https:\\\/\\\/www.sanpool.ch\\\/it\\\/chi-siamo\\\/\",\"name\":\"Chi Siamo - SanPool\",\"isPartOf\":{\"@id\":\"https:\\\/\\\/www.sanpool.ch\\\/it\\\/#website\"},\"primaryImageOfPage\":{\"@id\":\"https:\\\/\\\/www.sanpool.ch\\\/it\\\/chi-siamo\\\/#primaryimage\"},\"image\":{\"@id\":\"https:\\\/\\\/www.sanpool.ch\\\/it\\\/chi-siamo\\\/#primaryimage\"},\"thumbnailUrl\":\"https:\\\/\\\/www.sanpool.ch\\\/wp-content\\\/uploads\\\/2020\\\/05\\\/iStock_000007697683Medium-1024x681.jpg\",\"datePublished\":\"2020-09-07T17:07:47+00:00\",\"dateModified\":\"2022-08-08T09:18:13+00:00\",\"breadcrumb\":{\"@id\":\"https:\\\/\\\/www.sanpool.ch\\\/it\\\/chi-siamo\\\/#breadcrumb\"},\"inLanguage\":\"it-IT\",\"potentialAction\":[{\"@type\":\"ReadAction\",\"target\":[\"https:\\\/\\\/www.sanpool.ch\\\/it\\\/chi-siamo\\\/\"]}]},{\"@type\":\"ImageObject\",\"inLanguage\":\"it-IT\",\"@id\":\"https:\\\/\\\/www.sanpool.ch\\\/it\\\/chi-siamo\\\/#primaryimage\",\"url\":\"https:\\\/\\\/www.sanpool.ch\\\/wp-content\\\/uploads\\\/2020\\\/05\\\/iStock_000007697683Medium-1024x681.jpg\",\"contentUrl\":\"https:\\\/\\\/www.sanpool.ch\\\/wp-content\\\/uploads\\\/2020\\\/05\\\/iStock_000007697683Medium-1024x681.jpg\"},{\"@type\":\"BreadcrumbList\",\"@id\":\"https:\\\/\\\/www.sanpool.ch\\\/it\\\/chi-siamo\\\/#breadcrumb\",\"itemListElement\":[{\"@type\":\"ListItem\",\"position\":1,\"name\":\"Startseite\",\"item\":\"https:\\\/\\\/www.sanpool.ch\\\/it\\\/\"},{\"@type\":\"ListItem\",\"position\":2,\"name\":\"Chi Siamo\"}]},{\"@type\":\"WebSite\",\"@id\":\"https:\\\/\\\/www.sanpool.ch\\\/it\\\/#website\",\"url\":\"https:\\\/\\\/www.sanpool.ch\\\/it\\\/\",\"name\":\"SanPool\",\"description\":\"Schule f\u00fcr Gesundheit\",\"potentialAction\":[{\"@type\":\"SearchAction\",\"target\":{\"@type\":\"EntryPoint\",\"urlTemplate\":\"https:\\\/\\\/www.sanpool.ch\\\/it\\\/?s={search_term_string}\"},\"query-input\":{\"@type\":\"PropertyValueSpecification\",\"valueRequired\":true,\"valueName\":\"search_term_string\"}}],\"inLanguage\":\"it-IT\"}]}<\/script>\n<!-- \/ Yoast SEO plugin. -->","yoast_head_json":{"title":"Chi Siamo - SanPool","robots":{"index":"index","follow":"follow","max-snippet":"max-snippet:-1","max-image-preview":"max-image-preview:large","max-video-preview":"max-video-preview:-1"},"canonical":"https:\/\/www.sanpool.ch\/it\/chi-siamo\/","og_locale":"it_IT","og_type":"article","og_title":"Chi Siamo - SanPool","og_description":"Il SanPool \u00e8 una struttura di formazione accreditata e ha le etichette e le ingiunzioni necessarie. Dal 2013, SanPool \u00e8 stato certificato da eduQua e si dimostra quindi un partner affidabile per l&#8217;ulteriore istruzione.","og_url":"https:\/\/www.sanpool.ch\/it\/chi-siamo\/","og_site_name":"SanPool","article_modified_time":"2022-08-08T09:18:13+00:00","og_image":[{"url":"https:\/\/www.sanpool.ch\/wp-content\/uploads\/2020\/05\/iStock_000007697683Medium-1024x681.jpg","type":"","width":"","height":""}],"twitter_card":"summary_large_image","twitter_misc":{"Tempo di lettura stimato":"3 minuti"},"schema":{"@context":"https:\/\/schema.org","@graph":[{"@type":"WebPage","@id":"https:\/\/www.sanpool.ch\/it\/chi-siamo\/","url":"https:\/\/www.sanpool.ch\/it\/chi-siamo\/","name":"Chi Siamo - SanPool","isPartOf":{"@id":"https:\/\/www.sanpool.ch\/it\/#website"},"primaryImageOfPage":{"@id":"https:\/\/www.sanpool.ch\/it\/chi-siamo\/#primaryimage"},"image":{"@id":"https:\/\/www.sanpool.ch\/it\/chi-siamo\/#primaryimage"},"thumbnailUrl":"https:\/\/www.sanpool.ch\/wp-content\/uploads\/2020\/05\/iStock_000007697683Medium-1024x681.jpg","datePublished":"2020-09-07T17:07:47+00:00","dateModified":"2022-08-08T09:18:13+00:00","breadcrumb":{"@id":"https:\/\/www.sanpool.ch\/it\/chi-siamo\/#breadcrumb"},"inLanguage":"it-IT","potentialAction":[{"@type":"ReadAction","target":["https:\/\/www.sanpool.ch\/it\/chi-siamo\/"]}]},{"@type":"ImageObject","inLanguage":"it-IT","@id":"https:\/\/www.sanpool.ch\/it\/chi-siamo\/#primaryimage","url":"https:\/\/www.sanpool.ch\/wp-content\/uploads\/2020\/05\/iStock_000007697683Medium-1024x681.jpg","contentUrl":"https:\/\/www.sanpool.ch\/wp-content\/uploads\/2020\/05\/iStock_000007697683Medium-1024x681.jpg"},{"@type":"BreadcrumbList","@id":"https:\/\/www.sanpool.ch\/it\/chi-siamo\/#breadcrumb","itemListElement":[{"@type":"ListItem","position":1,"name":"Startseite","item":"https:\/\/www.sanpool.ch\/it\/"},{"@type":"ListItem","position":2,"name":"Chi Siamo"}]},{"@type":"WebSite","@id":"https:\/\/www.sanpool.ch\/it\/#website","url":"https:\/\/www.sanpool.ch\/it\/","name":"SanPool","description":"Schule f\u00fcr Gesundheit","potentialAction":[{"@type":"SearchAction","target":{"@type":"EntryPoint","urlTemplate":"https:\/\/www.sanpool.ch\/it\/?s={search_term_string}"},"query-input":{"@type":"PropertyValueSpecification","valueRequired":true,"valueName":"search_term_string"}}],"inLanguage":"it-IT"}]}},"jetpack_sharing_enabled":true,"_links":{"self":[{"href":"https:\/\/www.sanpool.ch\/it\/wp-json\/wp\/v2\/pages\/979","targetHints":{"allow":["GET"]}}],"collection":[{"href":"https:\/\/www.sanpool.ch\/it\/wp-json\/wp\/v2\/pages"}],"about":[{"href":"https:\/\/www.sanpool.ch\/it\/wp-json\/wp\/v2\/types\/page"}],"author":[{"embeddable":true,"href":"https:\/\/www.sanpool.ch\/it\/wp-json\/wp\/v2\/users\/2"}],"replies":[{"embeddable":true,"href":"https:\/\/www.sanpool.ch\/it\/wp-json\/wp\/v2\/comments?post=979"}],"version-history":[{"count":21,"href":"https:\/\/www.sanpool.ch\/it\/wp-json\/wp\/v2\/pages\/979\/revisions"}],"predecessor-version":[{"id":3375,"href":"https:\/\/www.sanpool.ch\/it\/wp-json\/wp\/v2\/pages\/979\/revisions\/3375"}],"wp:attachment":[{"href":"https:\/\/www.sanpool.ch\/it\/wp-json\/wp\/v2\/media?parent=979"}],"curies":[{"name":"wp","href":"https:\/\/api.w.org\/{rel}","templated":true}]}}